
{"id":4691,"date":"2024-12-08T13:22:00","date_gmt":"2024-12-08T12:22:00","guid":{"rendered":"https:\/\/vistaaltalanga.com\/randonnee-dans-lalta-langa\/"},"modified":"2024-12-27T09:58:28","modified_gmt":"2024-12-27T08:58:28","slug":"randonnee-dans-lalta-langa","status":"publish","type":"page","link":"https:\/\/vistaaltalanga.com\/fr\/randonnee-dans-lalta-langa\/","title":{"rendered":"Randonn\u00e9e dans l&rsquo;alta langa"},"content":{"rendered":"<p><div class=\"fusion-fullwidth fullwidth-box fusion-builder-row-1 fusion-flex-container has-pattern-background has-mask-background nonhundred-percent-fullwidth non-hundred-percent-height-scrolling\" style=\"--awb-border-radius-top-left:0px;--awb-border-radius-top-right:0px;--awb-border-radius-bottom-right:0px;--awb-border-radius-bottom-left:0px;--awb-flex-wrap:wrap;\" ><div class=\"fusion-builder-row fusion-row fusion-flex-align-items-flex-start fusion-flex-content-wrap\" style=\"max-width:1248px;margin-left: calc(-4% \/ 2 );margin-right: calc(-4% \/ 2 );\"><div class=\"fusion-layout-column fusion_builder_column fusion-builder-column-0 fusion_builder_column_1_3 1_3 fusion-flex-column\" style=\"--awb-bg-size:cover;--awb-width-large:33.333333333333%;--awb-margin-top-large:0px;--awb-spacing-right-large:5.76%;--awb-spacing-left-large:5.76%;--awb-width-medium:33.333333333333%;--awb-order-medium:0;--awb-spacing-right-medium:5.76%;--awb-spacing-left-medium:5.76%;--awb-width-small:100%;--awb-order-small:0;--awb-spacing-right-small:1.92%;--awb-spacing-left-small:1.92%;\"><div class=\"fusion-column-wrapper fusion-column-has-shadow fusion-flex-justify-content-flex-start fusion-content-layout-column\"><\/div><\/div><div class=\"fusion-layout-column fusion_builder_column fusion-builder-column-1 fusion_builder_column_1_3 1_3 fusion-flex-column\" style=\"--awb-bg-size:cover;--awb-width-large:33.333333333333%;--awb-margin-top-large:17px;--awb-spacing-right-large:0.864%;--awb-margin-bottom-large:42px;--awb-spacing-left-large:0%;--awb-width-medium:33.333333333333%;--awb-order-medium:0;--awb-spacing-right-medium:0.864%;--awb-spacing-left-medium:0%;--awb-width-small:100%;--awb-order-small:0;--awb-spacing-right-small:1.92%;--awb-spacing-left-small:1.92%;\"><div class=\"fusion-column-wrapper lazyload fusion-column-has-shadow fusion-flex-justify-content-flex-start fusion-content-layout-column fusion-empty-column-bg-image fusion-column-has-bg-image\" data-bg-url=\"https:\/\/vistaaltalanga.com\/wp-content\/uploads\/2024\/04\/Case-Vista-Alta-Langa-no-nut2-e1712162312922.png\" data-bg=\"https:\/\/vistaaltalanga.com\/wp-content\/uploads\/2024\/04\/Case-Vista-Alta-Langa-no-nut2-e1712162312922.png\"><img decoding=\"async\" class=\"fusion-empty-dims-img-placeholder\" aria-label=\"Case Vista Alta Langa no nut2\" src=\"data:image\/svg+xml,%3Csvg%20xmlns%3D%27http%3A%2F%2Fwww.w3.org%2F2000%2Fsvg%27%20width%3D%27880%27%20height%3D%27385%27%20viewBox%3D%270%200%20880%20385%27%3E%3Crect%20width%3D%27880%27%20height%3D%27385%27%20fill-opacity%3D%220%22%2F%3E%3C%2Fsvg%3E\"><\/div><\/div><div class=\"fusion-layout-column fusion_builder_column fusion-builder-column-2 fusion_builder_column_1_3 1_3 fusion-flex-column\" style=\"--awb-bg-size:cover;--awb-width-large:33.333333333333%;--awb-margin-top-large:0px;--awb-spacing-right-large:5.76%;--awb-spacing-left-large:5.76%;--awb-width-medium:33.333333333333%;--awb-order-medium:0;--awb-spacing-right-medium:5.76%;--awb-spacing-left-medium:5.76%;--awb-width-small:100%;--awb-order-small:0;--awb-spacing-right-small:1.92%;--awb-spacing-left-small:1.92%;\"><div class=\"fusion-column-wrapper fusion-column-has-shadow fusion-flex-justify-content-flex-start fusion-content-layout-column\"><\/div><\/div><\/div><\/div><div class=\"fusion-fullwidth fullwidth-box fusion-builder-row-2 fusion-flex-container has-pattern-background has-mask-background nonhundred-percent-fullwidth non-hundred-percent-height-scrolling\" style=\"--awb-border-radius-top-left:0px;--awb-border-radius-top-right:0px;--awb-border-radius-bottom-right:0px;--awb-border-radius-bottom-left:0px;--awb-padding-top:0px;--awb-padding-right:12px;--awb-padding-bottom:0px;--awb-padding-top-medium:0px;--awb-padding-bottom-medium:133px;--awb-margin-top:0px;--awb-margin-bottom:18px;--awb-margin-top-medium:25px;--awb-margin-bottom-medium:56px;--awb-flex-wrap:wrap;\" ><div class=\"fusion-builder-row fusion-row fusion-flex-align-items-flex-start fusion-flex-content-wrap\" style=\"max-width:1248px;margin-left: calc(-4% \/ 2 );margin-right: calc(-4% \/ 2 );\"><div class=\"fusion-layout-column fusion_builder_column fusion-builder-column-3 fusion_builder_column_1_1 1_1 fusion-flex-column\" style=\"--awb-bg-size:cover;--awb-width-large:100%;--awb-margin-top-large:0px;--awb-spacing-right-large:1.92%;--awb-spacing-left-large:1.92%;--awb-width-medium:100%;--awb-order-medium:0;--awb-spacing-right-medium:1.92%;--awb-spacing-left-medium:1.92%;--awb-width-small:100%;--awb-order-small:0;--awb-spacing-right-small:1.92%;--awb-spacing-left-small:1.92%;\"><div class=\"fusion-column-wrapper fusion-column-has-shadow fusion-flex-justify-content-flex-start fusion-content-layout-column\"><div class=\"fusion-text fusion-text-1\"><h2 style=\"font-size: 33px; --fontsize: 35; line-height: 1.3; --fontSize: 35; color: var(--awb-color8); font-family: 'Noto Sans'; font-weight: 400;\">La marche<\/h2>\n<p><span style=\"color: var(--awb-text-color); font-family: var(--awb-text-font-family); font-size: var(--awb-font-size); font-style: var(--awb-text-font-style); font-weight: var(--awb-text-font-weight); letter-spacing: var(--awb-letter-spacing); text-align: var(--awb-content-alignment); text-transform: var(--awb-text-transform); background-color: var(--awb-bg-color-medium-hover);\">Les environs de Case Vista Alta Langa se pr\u00eatent \u00e0 une grande vari\u00e9t\u00e9 de randonn\u00e9es. Que vous choisissiez une longue ou une courte promenade, sur des routes pav\u00e9es ou des sentiers forestiers non pav\u00e9s, il y en a pour tous les go\u00fbts. De plus, Case Vista Alta Langa est situ\u00e9 directement sur l&rsquo;un des itin\u00e9raires de la GTL <a href=\"https:\/\/www.visitpiemonte.com\/blog\/grande-traversata-delle-langhe\" target=\"_blank\" rel=\"noopener\"><u><span style=\"color: var(--awb-color5);\">(Grande Travers\u00e9e des Langhe)<\/span><\/u><\/a> situ\u00e9.    <\/span><\/p>\n<p><span style=\"color: var(--awb-text-color); font-family: var(--awb-text-font-family); font-size: var(--awb-font-size); font-style: var(--awb-text-font-style); font-weight: var(--awb-text-font-weight); letter-spacing: var(--awb-letter-spacing); text-align: var(--awb-content-alignment); text-transform: var(--awb-text-transform); background-color: var(--awb-bg-color-medium-hover);\">Pour Apple et Android, il existe une application appel\u00e9e Alta Langa, qui comprend tous les itin\u00e9raires GTL dans la r\u00e9gion des Langhe.<\/span><\/p>\n<p><span style=\"background-color: var(--awb-bg-color-medium-hover); color: var(--awb-text-color); font-family: var(--awb-text-font-family); font-size: var(--awb-font-size); font-style: var(--awb-text-font-style); font-weight: var(--awb-text-font-weight); letter-spacing: var(--awb-letter-spacing); text-align: var(--awb-content-alignment); text-transform: var(--awb-text-transform);\">Faire de la randonn\u00e9e dans les Langhe, c&rsquo;est faire de la randonn\u00e9e dans l&rsquo;une des r\u00e9gions viticoles les plus c\u00e9l\u00e8bres d&rsquo;Italie. C\u00e9l\u00e8bre pour ses collines ondulantes, ses vignobles, ses for\u00eats et ses charmants villages, la r\u00e9gion est inscrite au patrimoine mondial de l&rsquo;UNESCO. Marcher dans les Langhe est un excellent moyen de d\u00e9couvrir le paysage de pr\u00e8s.  <\/span><\/p>\n<p>Les sentiers de randonn\u00e9e dans les Langhe m\u00e8nent souvent \u00e0 travers de vastes vignobles, le long de villages pittoresques tels que Barolo, La Morra et Monforte d&rsquo;Alba, surplombant les c\u00e9l\u00e8bres vignobles qui font la renomm\u00e9e de la r\u00e9gion.  <span style=\"color: var(--awb-text-color); font-family: var(--awb-text-font-family); font-size: var(--awb-font-size); font-style: var(--awb-text-font-style); font-weight: var(--awb-text-font-weight); letter-spacing: var(--awb-letter-spacing); text-align: var(--awb-content-alignment); text-transform: var(--awb-text-transform); background-color: var(--awb-bg-color-medium-hover);\">Le Sentiero del Barolo est un sentier de randonn\u00e9e bien connu qui longe les vignobles du c\u00e9l\u00e8bre vin Barolo.<\/span><\/p>\n<p><span style=\"color: var(--awb-text-color); font-family: var(--awb-text-font-family); font-size: var(--awb-font-size); font-style: var(--awb-text-font-style); font-weight: var(--awb-text-font-weight); letter-spacing: var(--awb-letter-spacing); text-align: var(--awb-content-alignment); text-transform: var(--awb-text-transform); background-color: var(--awb-bg-color-medium-hover);\"><br \/><\/span><\/p>\n<\/p>\n<h1 style=\"line-height: 0.43; font-size: 33px; --fontsize: 30; --fontSize: 30; font-family: 'Noto Sans'; font-weight: 400;\" data-fusion-font=\"true\" data-fusion-google-font=\"Noto Sans\" data-fusion-google-variant=\"400\">Randonn\u00e9e dans l&rsquo;Alta Langa<\/h1>\n<p>L&rsquo;Alta Langa est une r\u00e9gion plus vierge et plus accident\u00e9e au sud des Langhe, avec des collines plus \u00e9lev\u00e9es et un paysage plus sauvage. La r\u00e9gion offre des randonn\u00e9es plus difficiles que les Langhe, avec des montagnes, des for\u00eats et des villages isol\u00e9s. L&rsquo;Alta Langa est la destination id\u00e9ale pour ceux qui recherchent l&rsquo;aventure et la tranquillit\u00e9.  <\/p>\n<p>Les itin\u00e9raires de l&rsquo;Alta Langa traversent des collines et des zones montagneuses, avec des sentiers souvent plus escarp\u00e9s et plus difficiles pour les randonneurs. Le paysage varie de zones bois\u00e9es \u00e0 des plaines ouvertes offrant des vues \u00e0 couper le souffle sur les vall\u00e9es environnantes. <\/p><\/p>\n<\/div><div ><a class=\"fusion-button button-flat fusion-button-default-size button-default fusion-button-default button-1 fusion-button-default-span fusion-button-default-type\" target=\"_self\" href=\"https:\/\/vistaaltalanga.com\/fr\/activites-a-alta-langa\/\"><span class=\"fusion-button-text awb-button__text awb-button__text--default\">Plus d&rsquo;activit\u00e9s<\/span><\/a><\/div><\/div><\/div><\/div><\/div><div class=\"fusion-fullwidth fullwidth-box fusion-builder-row-3 fusion-flex-container has-pattern-background has-mask-background nonhundred-percent-fullwidth non-hundred-percent-height-scrolling\" style=\"--awb-border-radius-top-left:0px;--awb-border-radius-top-right:0px;--awb-border-radius-bottom-right:0px;--awb-border-radius-bottom-left:0px;--awb-flex-wrap:wrap;\" ><div class=\"fusion-builder-row fusion-row fusion-flex-align-items-flex-start fusion-flex-content-wrap\" style=\"max-width:1248px;margin-left: calc(-4% \/ 2 );margin-right: calc(-4% \/ 2 );\"><div class=\"fusion-layout-column fusion_builder_column fusion-builder-column-4 fusion_builder_column_1_3 1_3 fusion-flex-column\" style=\"--awb-bg-size:cover;--awb-width-large:33.333333333333%;--awb-margin-top-large:0px;--awb-spacing-right-large:5.76%;--awb-spacing-left-large:5.76%;--awb-width-medium:33.333333333333%;--awb-order-medium:0;--awb-spacing-right-medium:5.76%;--awb-spacing-left-medium:5.76%;--awb-width-small:100%;--awb-order-small:0;--awb-spacing-right-small:1.92%;--awb-spacing-left-small:1.92%;\"><div class=\"fusion-column-wrapper fusion-column-has-shadow fusion-flex-justify-content-flex-start fusion-content-layout-column\"><div class=\"fusion-image-element \" style=\"--awb-aspect-ratio:1 \/ 1;--awb-caption-title-font-family:var(--h2_typography-font-family);--awb-caption-title-font-weight:var(--h2_typography-font-weight);--awb-caption-title-font-style:var(--h2_typography-font-style);--awb-caption-title-size:var(--h2_typography-font-size);--awb-caption-title-transform:var(--h2_typography-text-transform);--awb-caption-title-line-height:var(--h2_typography-line-height);--awb-caption-title-letter-spacing:var(--h2_typography-letter-spacing);\"><span class=\" fusion-imageframe imageframe-none imageframe-1 hover-type-none has-aspect-ratio\" style=\"border-radius:10px;\"><img decoding=\"async\" width=\"2560\" height=\"1920\" title=\"P1050528\" src=\"https:\/\/vistaaltalanga.com\/wp-content\/uploads\/2024\/12\/P1050528-scaled.jpg\" data-orig-src=\"https:\/\/vistaaltalanga.com\/wp-content\/uploads\/2024\/12\/P1050528-scaled.jpg\" class=\"lazyload img-responsive wp-image-4257 img-with-aspect-ratio\" data-parent-fit=\"cover\" data-parent-container=\".fusion-image-element\" alt srcset=\"data:image\/svg+xml,%3Csvg%20xmlns%3D%27http%3A%2F%2Fwww.w3.org%2F2000%2Fsvg%27%20width%3D%272560%27%20height%3D%271920%27%20viewBox%3D%270%200%202560%201920%27%3E%3Crect%20width%3D%272560%27%20height%3D%271920%27%20fill-opacity%3D%220%22%2F%3E%3C%2Fsvg%3E\" data-srcset=\"https:\/\/vistaaltalanga.com\/wp-content\/uploads\/2024\/12\/P1050528-200x150.jpg 200w, https:\/\/vistaaltalanga.com\/wp-content\/uploads\/2024\/12\/P1050528-400x300.jpg 400w, https:\/\/vistaaltalanga.com\/wp-content\/uploads\/2024\/12\/P1050528-600x450.jpg 600w, https:\/\/vistaaltalanga.com\/wp-content\/uploads\/2024\/12\/P1050528-800x600.jpg 800w, https:\/\/vistaaltalanga.com\/wp-content\/uploads\/2024\/12\/P1050528-1200x900.jpg 1200w, https:\/\/vistaaltalanga.com\/wp-content\/uploads\/2024\/12\/P1050528-scaled.jpg 2560w\" data-sizes=\"auto\" data-orig-sizes=\"(max-width: 640px) 100vw, 400px\" \/><\/span><\/div><\/div><\/div><div class=\"fusion-layout-column fusion_builder_column fusion-builder-column-5 fusion_builder_column_1_3 1_3 fusion-flex-column\" style=\"--awb-bg-size:cover;--awb-width-large:33.333333333333%;--awb-margin-top-large:0px;--awb-spacing-right-large:5.76%;--awb-spacing-left-large:5.76%;--awb-width-medium:33.333333333333%;--awb-order-medium:0;--awb-spacing-right-medium:5.76%;--awb-spacing-left-medium:5.76%;--awb-width-small:100%;--awb-order-small:0;--awb-spacing-right-small:1.92%;--awb-spacing-left-small:1.92%;\"><div class=\"fusion-column-wrapper fusion-column-has-shadow fusion-flex-justify-content-flex-start fusion-content-layout-column\"><div class=\"fusion-image-element \" style=\"--awb-aspect-ratio:1 \/ 1;--awb-caption-title-font-family:var(--h2_typography-font-family);--awb-caption-title-font-weight:var(--h2_typography-font-weight);--awb-caption-title-font-style:var(--h2_typography-font-style);--awb-caption-title-size:var(--h2_typography-font-size);--awb-caption-title-transform:var(--h2_typography-text-transform);--awb-caption-title-line-height:var(--h2_typography-line-height);--awb-caption-title-letter-spacing:var(--h2_typography-letter-spacing);\"><span class=\" fusion-imageframe imageframe-none imageframe-2 hover-type-none has-aspect-ratio\" style=\"border-radius:10px;\"><img decoding=\"async\" width=\"2560\" height=\"1920\" title=\"20241030_131553250_iOS\" src=\"https:\/\/vistaaltalanga.com\/wp-content\/uploads\/2024\/12\/20241030_131553250_iOS-scaled.jpg\" data-orig-src=\"https:\/\/vistaaltalanga.com\/wp-content\/uploads\/2024\/12\/20241030_131553250_iOS-scaled.jpg\" class=\"lazyload img-responsive wp-image-4180 img-with-aspect-ratio\" data-parent-fit=\"cover\" data-parent-container=\".fusion-image-element\" alt srcset=\"data:image\/svg+xml,%3Csvg%20xmlns%3D%27http%3A%2F%2Fwww.w3.org%2F2000%2Fsvg%27%20width%3D%272560%27%20height%3D%271920%27%20viewBox%3D%270%200%202560%201920%27%3E%3Crect%20width%3D%272560%27%20height%3D%271920%27%20fill-opacity%3D%220%22%2F%3E%3C%2Fsvg%3E\" data-srcset=\"https:\/\/vistaaltalanga.com\/wp-content\/uploads\/2024\/12\/20241030_131553250_iOS-200x150.jpg 200w, https:\/\/vistaaltalanga.com\/wp-content\/uploads\/2024\/12\/20241030_131553250_iOS-400x300.jpg 400w, https:\/\/vistaaltalanga.com\/wp-content\/uploads\/2024\/12\/20241030_131553250_iOS-600x450.jpg 600w, https:\/\/vistaaltalanga.com\/wp-content\/uploads\/2024\/12\/20241030_131553250_iOS-800x600.jpg 800w, https:\/\/vistaaltalanga.com\/wp-content\/uploads\/2024\/12\/20241030_131553250_iOS-1200x900.jpg 1200w, https:\/\/vistaaltalanga.com\/wp-content\/uploads\/2024\/12\/20241030_131553250_iOS-scaled.jpg 2560w\" data-sizes=\"auto\" data-orig-sizes=\"(max-width: 640px) 100vw, 400px\" \/><\/span><\/div><\/div><\/div><div class=\"fusion-layout-column fusion_builder_column fusion-builder-column-6 fusion_builder_column_1_3 1_3 fusion-flex-column\" style=\"--awb-bg-size:cover;--awb-width-large:33.333333333333%;--awb-margin-top-large:0px;--awb-spacing-right-large:5.76%;--awb-spacing-left-large:5.76%;--awb-width-medium:33.333333333333%;--awb-order-medium:0;--awb-spacing-right-medium:5.76%;--awb-spacing-left-medium:5.76%;--awb-width-small:100%;--awb-order-small:0;--awb-spacing-right-small:1.92%;--awb-spacing-left-small:1.92%;\"><div class=\"fusion-column-wrapper fusion-column-has-shadow fusion-flex-justify-content-flex-start fusion-content-layout-column\"><div class=\"fusion-image-element \" style=\"--awb-aspect-ratio:1 \/ 1;--awb-caption-title-font-family:var(--h2_typography-font-family);--awb-caption-title-font-weight:var(--h2_typography-font-weight);--awb-caption-title-font-style:var(--h2_typography-font-style);--awb-caption-title-size:var(--h2_typography-font-size);--awb-caption-title-transform:var(--h2_typography-text-transform);--awb-caption-title-line-height:var(--h2_typography-line-height);--awb-caption-title-letter-spacing:var(--h2_typography-letter-spacing);\"><span class=\" fusion-imageframe imageframe-none imageframe-3 hover-type-none has-aspect-ratio\" style=\"border-radius:10px;\"><img decoding=\"async\" width=\"2560\" height=\"1920\" title=\"20241030_162940453_iOS\" src=\"https:\/\/vistaaltalanga.com\/wp-content\/uploads\/2024\/12\/20241030_162940453_iOS-scaled.jpg\" data-orig-src=\"https:\/\/vistaaltalanga.com\/wp-content\/uploads\/2024\/12\/20241030_162940453_iOS-scaled.jpg\" class=\"lazyload img-responsive wp-image-4295 img-with-aspect-ratio\" data-parent-fit=\"cover\" data-parent-container=\".fusion-image-element\" alt srcset=\"data:image\/svg+xml,%3Csvg%20xmlns%3D%27http%3A%2F%2Fwww.w3.org%2F2000%2Fsvg%27%20width%3D%272560%27%20height%3D%271920%27%20viewBox%3D%270%200%202560%201920%27%3E%3Crect%20width%3D%272560%27%20height%3D%271920%27%20fill-opacity%3D%220%22%2F%3E%3C%2Fsvg%3E\" data-srcset=\"https:\/\/vistaaltalanga.com\/wp-content\/uploads\/2024\/12\/20241030_162940453_iOS-200x150.jpg 200w, https:\/\/vistaaltalanga.com\/wp-content\/uploads\/2024\/12\/20241030_162940453_iOS-400x300.jpg 400w, https:\/\/vistaaltalanga.com\/wp-content\/uploads\/2024\/12\/20241030_162940453_iOS-600x450.jpg 600w, https:\/\/vistaaltalanga.com\/wp-content\/uploads\/2024\/12\/20241030_162940453_iOS-800x600.jpg 800w, https:\/\/vistaaltalanga.com\/wp-content\/uploads\/2024\/12\/20241030_162940453_iOS-1200x900.jpg 1200w, https:\/\/vistaaltalanga.com\/wp-content\/uploads\/2024\/12\/20241030_162940453_iOS-scaled.jpg 2560w\" data-sizes=\"auto\" data-orig-sizes=\"(max-width: 640px) 100vw, 400px\" \/><\/span><\/div><\/div><\/div><\/div><\/div><\/p>\n","protected":false},"excerpt":{"rendered":"","protected":false},"author":1,"featured_media":0,"parent":0,"menu_order":0,"comment_status":"closed","ping_status":"closed","template":"100-width.php","meta":{"footnotes":""},"class_list":["post-4691","page","type-page","status-publish","hentry"],"_links":{"self":[{"href":"https:\/\/vistaaltalanga.com\/fr\/wp-json\/wp\/v2\/pages\/4691","targetHints":{"allow":["GET"]}}],"collection":[{"href":"https:\/\/vistaaltalanga.com\/fr\/wp-json\/wp\/v2\/pages"}],"about":[{"href":"https:\/\/vistaaltalanga.com\/fr\/wp-json\/wp\/v2\/types\/page"}],"author":[{"embeddable":true,"href":"https:\/\/vistaaltalanga.com\/fr\/wp-json\/wp\/v2\/users\/1"}],"replies":[{"embeddable":true,"href":"https:\/\/vistaaltalanga.com\/fr\/wp-json\/wp\/v2\/comments?post=4691"}],"version-history":[{"count":7,"href":"https:\/\/vistaaltalanga.com\/fr\/wp-json\/wp\/v2\/pages\/4691\/revisions"}],"predecessor-version":[{"id":4735,"href":"https:\/\/vistaaltalanga.com\/fr\/wp-json\/wp\/v2\/pages\/4691\/revisions\/4735"}],"wp:attachment":[{"href":"https:\/\/vistaaltalanga.com\/fr\/wp-json\/wp\/v2\/media?parent=4691"}],"curies":[{"name":"wp","href":"https:\/\/api.w.org\/{rel}","templated":true}]}}