
{"id":4611,"date":"2024-12-07T13:08:10","date_gmt":"2024-12-07T12:08:10","guid":{"rendered":"https:\/\/vistaaltalanga.com\/chateaux-monasteres-et-eglises\/"},"modified":"2024-12-27T09:58:19","modified_gmt":"2024-12-27T08:58:19","slug":"chateaux-monasteres-et-eglises","status":"publish","type":"page","link":"https:\/\/vistaaltalanga.com\/fr\/chateaux-monasteres-et-eglises\/","title":{"rendered":"Ch\u00e2teaux, monast\u00e8res et \u00e9glises"},"content":{"rendered":"<p><div class=\"fusion-fullwidth fullwidth-box fusion-builder-row-1 fusion-flex-container has-pattern-background has-mask-background nonhundred-percent-fullwidth non-hundred-percent-height-scrolling\" style=\"--awb-border-radius-top-left:0px;--awb-border-radius-top-right:0px;--awb-border-radius-bottom-right:0px;--awb-border-radius-bottom-left:0px;--awb-padding-bottom:0px;--awb-margin-bottom:0px;--awb-flex-wrap:wrap;\" ><div class=\"fusion-builder-row fusion-row fusion-flex-align-items-flex-start fusion-flex-content-wrap\" style=\"max-width:1248px;margin-left: calc(-4% \/ 2 );margin-right: calc(-4% \/ 2 );\"><div class=\"fusion-layout-column fusion_builder_column fusion-builder-column-0 fusion_builder_column_1_3 1_3 fusion-flex-column\" style=\"--awb-bg-size:cover;--awb-width-large:33.333333333333%;--awb-margin-top-large:0px;--awb-spacing-right-large:5.76%;--awb-spacing-left-large:5.76%;--awb-width-medium:33.333333333333%;--awb-order-medium:0;--awb-spacing-right-medium:5.76%;--awb-spacing-left-medium:5.76%;--awb-width-small:100%;--awb-order-small:0;--awb-spacing-right-small:1.92%;--awb-spacing-left-small:1.92%;\"><div class=\"fusion-column-wrapper fusion-column-has-shadow fusion-flex-justify-content-flex-start fusion-content-layout-column\"><\/div><\/div><div class=\"fusion-layout-column fusion_builder_column fusion-builder-column-1 fusion_builder_column_1_3 1_3 fusion-flex-column\" style=\"--awb-bg-size:cover;--awb-width-large:33.333333333333%;--awb-margin-top-large:17px;--awb-spacing-right-large:0.864%;--awb-margin-bottom-large:42px;--awb-spacing-left-large:0%;--awb-width-medium:33.333333333333%;--awb-order-medium:0;--awb-spacing-right-medium:0.864%;--awb-spacing-left-medium:0%;--awb-width-small:100%;--awb-order-small:0;--awb-spacing-right-small:1.92%;--awb-spacing-left-small:1.92%;\"><div class=\"fusion-column-wrapper lazyload fusion-column-has-shadow fusion-flex-justify-content-flex-start fusion-content-layout-column fusion-empty-column-bg-image fusion-column-has-bg-image\" data-bg-url=\"https:\/\/vistaaltalanga.com\/wp-content\/uploads\/2024\/04\/Case-Vista-Alta-Langa-no-nut2-e1712162312922.png\" data-bg=\"https:\/\/vistaaltalanga.com\/wp-content\/uploads\/2024\/04\/Case-Vista-Alta-Langa-no-nut2-e1712162312922.png\"><img decoding=\"async\" class=\"fusion-empty-dims-img-placeholder\" aria-label=\"Case Vista Alta Langa no nut2\" src=\"data:image\/svg+xml,%3Csvg%20xmlns%3D%27http%3A%2F%2Fwww.w3.org%2F2000%2Fsvg%27%20width%3D%27880%27%20height%3D%27385%27%20viewBox%3D%270%200%20880%20385%27%3E%3Crect%20width%3D%27880%27%20height%3D%27385%27%20fill-opacity%3D%220%22%2F%3E%3C%2Fsvg%3E\"><\/div><\/div><div class=\"fusion-layout-column fusion_builder_column fusion-builder-column-2 fusion_builder_column_1_3 1_3 fusion-flex-column\" style=\"--awb-bg-size:cover;--awb-width-large:33.333333333333%;--awb-margin-top-large:0px;--awb-spacing-right-large:5.76%;--awb-spacing-left-large:5.76%;--awb-width-medium:33.333333333333%;--awb-order-medium:0;--awb-spacing-right-medium:5.76%;--awb-spacing-left-medium:5.76%;--awb-width-small:100%;--awb-order-small:0;--awb-spacing-right-small:1.92%;--awb-spacing-left-small:1.92%;\"><div class=\"fusion-column-wrapper fusion-column-has-shadow fusion-flex-justify-content-flex-start fusion-content-layout-column\"><\/div><\/div><\/div><\/div><div class=\"fusion-fullwidth fullwidth-box fusion-builder-row-2 fusion-flex-container has-pattern-background has-mask-background nonhundred-percent-fullwidth non-hundred-percent-height-scrolling\" style=\"--awb-border-radius-top-left:0px;--awb-border-radius-top-right:0px;--awb-border-radius-bottom-right:0px;--awb-border-radius-bottom-left:0px;--awb-padding-top:0px;--awb-padding-right:12px;--awb-padding-bottom:0px;--awb-padding-top-medium:0px;--awb-padding-bottom-medium:133px;--awb-margin-top:0px;--awb-margin-bottom:0px;--awb-margin-top-medium:25px;--awb-margin-bottom-medium:56px;--awb-flex-wrap:wrap;\" ><div class=\"fusion-builder-row fusion-row fusion-flex-align-items-flex-start fusion-flex-content-wrap\" style=\"max-width:1248px;margin-left: calc(-4% \/ 2 );margin-right: calc(-4% \/ 2 );\"><div class=\"fusion-layout-column fusion_builder_column fusion-builder-column-3 fusion_builder_column_1_2 1_2 fusion-flex-column\" style=\"--awb-bg-size:cover;--awb-width-large:50%;--awb-margin-top-large:0px;--awb-spacing-right-large:3.84%;--awb-margin-bottom-large:0px;--awb-spacing-left-large:3.84%;--awb-width-medium:50%;--awb-order-medium:0;--awb-spacing-right-medium:3.84%;--awb-spacing-left-medium:3.84%;--awb-width-small:100%;--awb-order-small:0;--awb-spacing-right-small:1.92%;--awb-spacing-left-small:1.92%;\"><div class=\"fusion-column-wrapper fusion-column-has-shadow fusion-flex-justify-content-flex-start fusion-content-layout-column\"><div class=\"fusion-text fusion-text-1\"><h2 style=\"font-size: 33px; --fontsize: 35; line-height: var(--awb-typography1-line-height); --fontSize: 33;\" data-fontsize=\"33\" class=\"fusion-responsive-typography-calculated\"><span style=\"background-color: var(--awb-bg-color-medium-hover); color: var(--awb-text-color); font-family: var(--awb-text-font-family); font-size: 33px; font-style: var(--awb-text-font-style); font-weight: var(--awb-text-font-weight); letter-spacing: normal; text-align: var(--awb-content-alignment); text-transform: var(--awb-text-transform);\" data-fusion-font=\"true\">Ch\u00e2teaux, monast\u00e8res et \u00e9glises<\/span><\/h2>\n<p><span style=\"color: var(--awb-text-color); font-family: var(--awb-text-font-family); font-size: var(--awb-font-size); font-style: var(--awb-text-font-style); font-weight: var(--awb-text-font-weight); letter-spacing: var(--awb-letter-spacing); text-align: var(--awb-content-alignment); text-transform: var(--awb-text-transform); background-color: var(--awb-bg-color-medium-hover);\">Les environs du Case Vista Alta Langa, dans le Pi\u00e9mont, sont riches en b\u00e2timents historiques tels que des ch\u00e2teaux, des monast\u00e8res et des \u00e9glises. Ces lieux offrent un voyage fascinant \u00e0 travers l&rsquo;histoire, la culture et l&rsquo;architecture de la r\u00e9gion. Voici quelques-uns des sites les plus int\u00e9ressants \u00e0 visiter :  <\/span><\/p>\n<p><span style=\"color: var(--awb-text-color); font-family: var(--awb-text-font-family); font-size: var(--awb-font-size); font-style: var(--awb-text-font-style); font-weight: var(--awb-text-font-weight); letter-spacing: var(--awb-letter-spacing); text-align: var(--awb-content-alignment); text-transform: var(--awb-text-transform); background-color: var(--awb-bg-color-medium-hover);\"><a href=\"https:\/\/www.castellogrinzane.com\/\" target=\"_blank\" rel=\"noopener noreferrer\"><span style=\"color: var(--awb-color5);\"><u>Castello di Grinzane Cavour<\/u><\/span><\/a><\/span><\/p>\n<p>Un beau ch\u00e2teau m\u00e9di\u00e9val qui abrite aujourd&rsquo;hui un mus\u00e9e d\u00e9di\u00e9 au vin et \u00e0 la truffe. Class\u00e9 au patrimoine mondial de l&rsquo;UNESCO, c&rsquo;est un lieu incontournable pour les amateurs d&rsquo;histoire et de gastronomie. <\/p>\n<p><a style=\"color: var(--awb-color5);\" href=\"https:\/\/www.wimubarolo.it\/\"><u>Castello di Barolo<\/u><\/a><\/p>\n<p>Abritant le c\u00e9l\u00e8bre WiMu (mus\u00e9e du vin), ce ch\u00e2teau allie histoire et culture du vin. Il est parfait pour une journ\u00e9e dans le charmant village de Barolo. <\/p>\n<p><a style=\"color: var(--awb-color5);\" href=\"https:\/\/www.castellodiserralunga.it\/\" target=\"_blank\" rel=\"noopener noreferrer\"><u>Ch\u00e2teau de Serralunga d&rsquo;Alba<\/u><\/a><\/p>\n<p>Ce ch\u00e2teau, \u00e0 l&rsquo;architecture gothique unique, offre l&rsquo;une des meilleures vues sur la r\u00e9gion des Langhe. C&rsquo;est un bon exemple de structure d\u00e9fensive m\u00e9di\u00e9vale. <\/p>\n<p><a style=\"color: var(--awb-color5);\" href=\"https:\/\/cultura.gov.it\/luogo\/castello-dei-marchesi-di-busca\" target=\"_blank\" rel=\"noopener noreferrer\"><u>Castello di Mango<\/u><\/a><\/p>\n<p>Situ\u00e9 dans le village pittoresque de Mango, ce ch\u00e2teau est aujourd&rsquo;hui le si\u00e8ge de l&rsquo;Enoteca Regionale pour le vin Moscato. C&rsquo;est un endroit id\u00e9al pour en apprendre davantage sur les traditions viticoles locales. <\/p>\n<p><a style=\"color: var(--awb-color5);\" href=\"https:\/\/www.castellodicostigliole.it\/\" target=\"_blank\" rel=\"noopener noreferrer\"><u>Ch\u00e2teau de Costigliole d&rsquo;Asti<\/u><\/a><\/p>\n<p>Ce ch\u00e2teau majestueux allie l&rsquo;histoire \u00e0 la culture moderne du vin. Il organise r\u00e9guli\u00e8rement des d\u00e9gustations et des \u00e9v\u00e9nements et offre une vue imprenable sur les collines environnantes. <\/p>\n<p><a style=\"color: var(--awb-color5);\" href=\"https:\/\/www.diocesimondovi.it\/wp\/cattedrale\/\" target=\"_blank\" rel=\"noopener noreferrer\"><u>Cath\u00e9drale de San Donato, Mondovi<\/u><\/a><\/p>\n<p>La cath\u00e9drale San Donato de Mondov\u00ec est l&rsquo;un des \u00e9difices religieux les plus impressionnants du Pi\u00e9mont. Situ\u00e9e au c\u0153ur de cette charmante ville, la cath\u00e9drale refl\u00e8te la richesse de l&rsquo;histoire, de l&rsquo;art et de l&rsquo;architecture de la r\u00e9gion. <\/p>\n<p>La cath\u00e9drale de San Donato est non seulement un monument religieux, mais aussi un tr\u00e9sor culturel. Elle offre un aper\u00e7u unique de l&rsquo;histoire et de l&rsquo;art de Mondov\u00ec et de la r\u00e9gion du Pi\u00e9mont. Que vous soyez amateur d&rsquo;architecture, d&rsquo;histoire ou de spiritualit\u00e9, la visite de cette cath\u00e9drale est une exp\u00e9rience inoubliable.  <\/p>\n<p><a style=\"color: var(--awb-color5);\" href=\"https:\/\/www.santuariodivicoforte.it\/\" target=\"_blank\" rel=\"noopener noreferrer\"><u>Santuario di Vicoforte<\/u><\/a><\/p>\n<p>Bien qu&rsquo;il s&rsquo;agisse techniquement d&rsquo;un sanctuaire, cette impressionnante structure baroque est l&rsquo;un des plus beaux \u00e9difices religieux du Pi\u00e9mont. Elle est connue pour son \u00e9norme d\u00f4me elliptique. <\/p>\n<p><span style=\"color: var(--awb-text-color); font-family: var(--awb-text-font-family); font-size: var(--awb-font-size); font-style: var(--awb-text-font-style); font-weight: var(--awb-text-font-weight); letter-spacing: var(--awb-letter-spacing); text-align: var(--awb-content-alignment); text-transform: var(--awb-text-transform); background-color: var(--awb-bg-color-medium-hover);\"><a style=\"color: var(--awb-color5);\" href=\"https:\/\/www.sanfiorenzo.org\/\" target=\"_blank\" rel=\"noopener noreferrer\"><u>\u00c9glise de San Fiorenzo, Bastia Mondov\u00ec<\/u><\/a><\/span><\/p>\n<p>Cette \u00e9glise est c\u00e9l\u00e8bre pour ses magnifiques fresques repr\u00e9sentant des histoires de la Bible. Un joyau cach\u00e9 pour les amateurs d&rsquo;art. <\/p>\n<h2 class=\"fusion-responsive-typography-calculated\" style=\"line-height: var(--awb-typography1-line-height); font-size: 33px; --fontsize: 30; --fontSize: 30;\" data-fusion-font=\"true\" data-fontsize=\"30\" data-lineheight=\"12.9px\"><\/h2>\n<\/div><div ><a class=\"fusion-button button-flat fusion-button-default-size button-default fusion-button-default button-1 fusion-button-default-span fusion-button-default-type\" style=\"--button_margin-bottom:30px;\" target=\"_self\" href=\"https:\/\/vistaaltalanga.com\/aktiviteiten-in-de-alta-langa\/\"><span class=\"fusion-button-text awb-button__text awb-button__text--default\">Plus d&rsquo;activit\u00e9s<\/span><\/a><\/div><\/div><\/div><div class=\"fusion-layout-column fusion_builder_column fusion-builder-column-4 fusion_builder_column_1_2 1_2 fusion-flex-column\" style=\"--awb-padding-top:60px;--awb-bg-size:cover;--awb-width-large:50%;--awb-margin-top-large:0px;--awb-spacing-right-large:3.84%;--awb-spacing-left-large:3.84%;--awb-width-medium:50%;--awb-order-medium:0;--awb-spacing-right-medium:3.84%;--awb-spacing-left-medium:3.84%;--awb-width-small:100%;--awb-order-small:0;--awb-spacing-right-small:1.92%;--awb-spacing-left-small:1.92%;\"><div class=\"fusion-column-wrapper fusion-column-has-shadow fusion-flex-justify-content-flex-start fusion-content-layout-column\"><div class=\"fusion-image-element \" style=\"--awb-caption-title-font-family:var(--h2_typography-font-family);--awb-caption-title-font-weight:var(--h2_typography-font-weight);--awb-caption-title-font-style:var(--h2_typography-font-style);--awb-caption-title-size:var(--h2_typography-font-size);--awb-caption-title-transform:var(--h2_typography-text-transform);--awb-caption-title-line-height:var(--h2_typography-line-height);--awb-caption-title-letter-spacing:var(--h2_typography-letter-spacing);\"><span class=\" fusion-imageframe imageframe-none imageframe-1 hover-type-none\" style=\"border-radius:10px;\"><img decoding=\"async\" width=\"2560\" height=\"1920\" title=\"grinzana_cavour\" src=\"https:\/\/vistaaltalanga.com\/wp-content\/uploads\/2024\/12\/grinzana_cavour-scaled.jpg\" data-orig-src=\"https:\/\/vistaaltalanga.com\/wp-content\/uploads\/2024\/12\/grinzana_cavour-scaled.jpg\" alt class=\"lazyload img-responsive wp-image-4364\" srcset=\"data:image\/svg+xml,%3Csvg%20xmlns%3D%27http%3A%2F%2Fwww.w3.org%2F2000%2Fsvg%27%20width%3D%272560%27%20height%3D%271920%27%20viewBox%3D%270%200%202560%201920%27%3E%3Crect%20width%3D%272560%27%20height%3D%271920%27%20fill-opacity%3D%220%22%2F%3E%3C%2Fsvg%3E\" data-srcset=\"https:\/\/vistaaltalanga.com\/wp-content\/uploads\/2024\/12\/grinzana_cavour-200x150.jpg 200w, https:\/\/vistaaltalanga.com\/wp-content\/uploads\/2024\/12\/grinzana_cavour-400x300.jpg 400w, https:\/\/vistaaltalanga.com\/wp-content\/uploads\/2024\/12\/grinzana_cavour-600x450.jpg 600w, https:\/\/vistaaltalanga.com\/wp-content\/uploads\/2024\/12\/grinzana_cavour-800x600.jpg 800w, https:\/\/vistaaltalanga.com\/wp-content\/uploads\/2024\/12\/grinzana_cavour-1200x900.jpg 1200w, https:\/\/vistaaltalanga.com\/wp-content\/uploads\/2024\/12\/grinzana_cavour-scaled.jpg 2560w\" data-sizes=\"auto\" data-orig-sizes=\"(max-width: 640px) 100vw, 600px\" \/><\/span><\/div><div class=\"fusion-image-element \" style=\"--awb-margin-top:30px;--awb-caption-title-font-family:var(--h2_typography-font-family);--awb-caption-title-font-weight:var(--h2_typography-font-weight);--awb-caption-title-font-style:var(--h2_typography-font-style);--awb-caption-title-size:var(--h2_typography-font-size);--awb-caption-title-transform:var(--h2_typography-text-transform);--awb-caption-title-line-height:var(--h2_typography-line-height);--awb-caption-title-letter-spacing:var(--h2_typography-letter-spacing);\"><span class=\" fusion-imageframe imageframe-none imageframe-2 hover-type-none\" style=\"border-radius:10px;\"><img decoding=\"async\" width=\"867\" height=\"465\" title=\"serralunga_alba_castello\" src=\"https:\/\/vistaaltalanga.com\/wp-content\/uploads\/2024\/12\/serralunga_alba_castello.jpg\" data-orig-src=\"https:\/\/vistaaltalanga.com\/wp-content\/uploads\/2024\/12\/serralunga_alba_castello.jpg\" alt class=\"lazyload img-responsive wp-image-4369\" srcset=\"data:image\/svg+xml,%3Csvg%20xmlns%3D%27http%3A%2F%2Fwww.w3.org%2F2000%2Fsvg%27%20width%3D%27867%27%20height%3D%27465%27%20viewBox%3D%270%200%20867%20465%27%3E%3Crect%20width%3D%27867%27%20height%3D%27465%27%20fill-opacity%3D%220%22%2F%3E%3C%2Fsvg%3E\" data-srcset=\"https:\/\/vistaaltalanga.com\/wp-content\/uploads\/2024\/12\/serralunga_alba_castello-200x107.jpg 200w, https:\/\/vistaaltalanga.com\/wp-content\/uploads\/2024\/12\/serralunga_alba_castello-400x215.jpg 400w, https:\/\/vistaaltalanga.com\/wp-content\/uploads\/2024\/12\/serralunga_alba_castello-600x322.jpg 600w, https:\/\/vistaaltalanga.com\/wp-content\/uploads\/2024\/12\/serralunga_alba_castello-800x429.jpg 800w, https:\/\/vistaaltalanga.com\/wp-content\/uploads\/2024\/12\/serralunga_alba_castello.jpg 867w\" data-sizes=\"auto\" data-orig-sizes=\"(max-width: 640px) 100vw, 600px\" \/><\/span><\/div><div class=\"fusion-image-element \" style=\"--awb-margin-top:30px;--awb-caption-title-font-family:var(--h2_typography-font-family);--awb-caption-title-font-weight:var(--h2_typography-font-weight);--awb-caption-title-font-style:var(--h2_typography-font-style);--awb-caption-title-size:var(--h2_typography-font-size);--awb-caption-title-transform:var(--h2_typography-text-transform);--awb-caption-title-line-height:var(--h2_typography-line-height);--awb-caption-title-letter-spacing:var(--h2_typography-letter-spacing);\"><span class=\" fusion-imageframe imageframe-none imageframe-3 hover-type-none\" style=\"border-radius:10px;\"><img decoding=\"async\" width=\"1200\" height=\"800\" title=\"castello-barolo\" src=\"https:\/\/vistaaltalanga.com\/wp-content\/uploads\/2024\/12\/castello-barolo.jpg\" data-orig-src=\"https:\/\/vistaaltalanga.com\/wp-content\/uploads\/2024\/12\/castello-barolo.jpg\" alt class=\"lazyload img-responsive wp-image-4374\" srcset=\"data:image\/svg+xml,%3Csvg%20xmlns%3D%27http%3A%2F%2Fwww.w3.org%2F2000%2Fsvg%27%20width%3D%271200%27%20height%3D%27800%27%20viewBox%3D%270%200%201200%20800%27%3E%3Crect%20width%3D%271200%27%20height%3D%27800%27%20fill-opacity%3D%220%22%2F%3E%3C%2Fsvg%3E\" data-srcset=\"https:\/\/vistaaltalanga.com\/wp-content\/uploads\/2024\/12\/castello-barolo-200x133.jpg 200w, https:\/\/vistaaltalanga.com\/wp-content\/uploads\/2024\/12\/castello-barolo-400x267.jpg 400w, https:\/\/vistaaltalanga.com\/wp-content\/uploads\/2024\/12\/castello-barolo-600x400.jpg 600w, https:\/\/vistaaltalanga.com\/wp-content\/uploads\/2024\/12\/castello-barolo-800x533.jpg 800w, https:\/\/vistaaltalanga.com\/wp-content\/uploads\/2024\/12\/castello-barolo.jpg 1200w\" data-sizes=\"auto\" data-orig-sizes=\"(max-width: 640px) 100vw, 600px\" \/><\/span><\/div><div class=\"fusion-image-element \" style=\"--awb-margin-top:30px;--awb-caption-title-font-family:var(--h2_typography-font-family);--awb-caption-title-font-weight:var(--h2_typography-font-weight);--awb-caption-title-font-style:var(--h2_typography-font-style);--awb-caption-title-size:var(--h2_typography-font-size);--awb-caption-title-transform:var(--h2_typography-text-transform);--awb-caption-title-line-height:var(--h2_typography-line-height);--awb-caption-title-letter-spacing:var(--h2_typography-letter-spacing);\"><span class=\" fusion-imageframe imageframe-none imageframe-4 hover-type-none\" style=\"border-radius:10px;\"><img decoding=\"async\" width=\"1024\" height=\"681\" title=\"santurario di vicoforte\" src=\"https:\/\/vistaaltalanga.com\/wp-content\/uploads\/2024\/12\/santurario-di-vicoforte.jpg\" data-orig-src=\"https:\/\/vistaaltalanga.com\/wp-content\/uploads\/2024\/12\/santurario-di-vicoforte.jpg\" alt class=\"lazyload img-responsive wp-image-4380\" srcset=\"data:image\/svg+xml,%3Csvg%20xmlns%3D%27http%3A%2F%2Fwww.w3.org%2F2000%2Fsvg%27%20width%3D%271024%27%20height%3D%27681%27%20viewBox%3D%270%200%201024%20681%27%3E%3Crect%20width%3D%271024%27%20height%3D%27681%27%20fill-opacity%3D%220%22%2F%3E%3C%2Fsvg%3E\" data-srcset=\"https:\/\/vistaaltalanga.com\/wp-content\/uploads\/2024\/12\/santurario-di-vicoforte-200x133.jpg 200w, https:\/\/vistaaltalanga.com\/wp-content\/uploads\/2024\/12\/santurario-di-vicoforte-400x266.jpg 400w, https:\/\/vistaaltalanga.com\/wp-content\/uploads\/2024\/12\/santurario-di-vicoforte-600x399.jpg 600w, https:\/\/vistaaltalanga.com\/wp-content\/uploads\/2024\/12\/santurario-di-vicoforte-800x532.jpg 800w, https:\/\/vistaaltalanga.com\/wp-content\/uploads\/2024\/12\/santurario-di-vicoforte.jpg 1024w\" data-sizes=\"auto\" data-orig-sizes=\"(max-width: 640px) 100vw, 600px\" \/><\/span><\/div><\/div><\/div><\/div><\/div><\/p>\n","protected":false},"excerpt":{"rendered":"","protected":false},"author":1,"featured_media":0,"parent":0,"menu_order":0,"comment_status":"closed","ping_status":"closed","template":"100-width.php","meta":{"footnotes":""},"class_list":["post-4611","page","type-page","status-publish","hentry"],"_links":{"self":[{"href":"https:\/\/vistaaltalanga.com\/fr\/wp-json\/wp\/v2\/pages\/4611","targetHints":{"allow":["GET"]}}],"collection":[{"href":"https:\/\/vistaaltalanga.com\/fr\/wp-json\/wp\/v2\/pages"}],"about":[{"href":"https:\/\/vistaaltalanga.com\/fr\/wp-json\/wp\/v2\/types\/page"}],"author":[{"embeddable":true,"href":"https:\/\/vistaaltalanga.com\/fr\/wp-json\/wp\/v2\/users\/1"}],"replies":[{"embeddable":true,"href":"https:\/\/vistaaltalanga.com\/fr\/wp-json\/wp\/v2\/comments?post=4611"}],"version-history":[{"count":9,"href":"https:\/\/vistaaltalanga.com\/fr\/wp-json\/wp\/v2\/pages\/4611\/revisions"}],"predecessor-version":[{"id":4676,"href":"https:\/\/vistaaltalanga.com\/fr\/wp-json\/wp\/v2\/pages\/4611\/revisions\/4676"}],"wp:attachment":[{"href":"https:\/\/vistaaltalanga.com\/fr\/wp-json\/wp\/v2\/media?parent=4611"}],"curies":[{"name":"wp","href":"https:\/\/api.w.org\/{rel}","templated":true}]}}