
{"id":4543,"date":"2024-12-08T13:25:35","date_gmt":"2024-12-08T12:25:35","guid":{"rendered":"https:\/\/vistaaltalanga.com\/villes-et-villages\/"},"modified":"2024-12-27T09:57:56","modified_gmt":"2024-12-27T08:57:56","slug":"villes-et-villages","status":"publish","type":"page","link":"https:\/\/vistaaltalanga.com\/fr\/villes-et-villages\/","title":{"rendered":"Villes et villages"},"content":{"rendered":"<p><div class=\"fusion-fullwidth fullwidth-box fusion-builder-row-1 fusion-flex-container has-pattern-background has-mask-background nonhundred-percent-fullwidth non-hundred-percent-height-scrolling\" style=\"--awb-border-radius-top-left:0px;--awb-border-radius-top-right:0px;--awb-border-radius-bottom-right:0px;--awb-border-radius-bottom-left:0px;--awb-padding-bottom:0px;--awb-margin-bottom:0px;--awb-flex-wrap:wrap;\" ><div class=\"fusion-builder-row fusion-row fusion-flex-align-items-flex-start fusion-flex-content-wrap\" style=\"max-width:1248px;margin-left: calc(-4% \/ 2 );margin-right: calc(-4% \/ 2 );\"><div class=\"fusion-layout-column fusion_builder_column fusion-builder-column-0 fusion_builder_column_1_3 1_3 fusion-flex-column\" style=\"--awb-bg-size:cover;--awb-width-large:33.333333333333%;--awb-margin-top-large:0px;--awb-spacing-right-large:5.76%;--awb-spacing-left-large:5.76%;--awb-width-medium:33.333333333333%;--awb-order-medium:0;--awb-spacing-right-medium:5.76%;--awb-spacing-left-medium:5.76%;--awb-width-small:100%;--awb-order-small:0;--awb-spacing-right-small:1.92%;--awb-spacing-left-small:1.92%;\"><div class=\"fusion-column-wrapper fusion-column-has-shadow fusion-flex-justify-content-flex-start fusion-content-layout-column\"><\/div><\/div><div class=\"fusion-layout-column fusion_builder_column fusion-builder-column-1 fusion_builder_column_1_3 1_3 fusion-flex-column\" style=\"--awb-bg-size:cover;--awb-width-large:33.333333333333%;--awb-margin-top-large:17px;--awb-spacing-right-large:0.864%;--awb-margin-bottom-large:42px;--awb-spacing-left-large:0%;--awb-width-medium:33.333333333333%;--awb-order-medium:0;--awb-spacing-right-medium:0.864%;--awb-spacing-left-medium:0%;--awb-width-small:100%;--awb-order-small:0;--awb-spacing-right-small:1.92%;--awb-spacing-left-small:1.92%;\"><div class=\"fusion-column-wrapper lazyload fusion-column-has-shadow fusion-flex-justify-content-flex-start fusion-content-layout-column fusion-empty-column-bg-image fusion-column-has-bg-image\" data-bg-url=\"https:\/\/vistaaltalanga.com\/wp-content\/uploads\/2024\/04\/Case-Vista-Alta-Langa-no-nut2-e1712162312922.png\" data-bg=\"https:\/\/vistaaltalanga.com\/wp-content\/uploads\/2024\/04\/Case-Vista-Alta-Langa-no-nut2-e1712162312922.png\"><img decoding=\"async\" class=\"fusion-empty-dims-img-placeholder\" aria-label=\"Case Vista Alta Langa no nut2\" src=\"data:image\/svg+xml,%3Csvg%20xmlns%3D%27http%3A%2F%2Fwww.w3.org%2F2000%2Fsvg%27%20width%3D%27880%27%20height%3D%27385%27%20viewBox%3D%270%200%20880%20385%27%3E%3Crect%20width%3D%27880%27%20height%3D%27385%27%20fill-opacity%3D%220%22%2F%3E%3C%2Fsvg%3E\"><\/div><\/div><div class=\"fusion-layout-column fusion_builder_column fusion-builder-column-2 fusion_builder_column_1_3 1_3 fusion-flex-column\" style=\"--awb-bg-size:cover;--awb-width-large:33.333333333333%;--awb-margin-top-large:0px;--awb-spacing-right-large:5.76%;--awb-spacing-left-large:5.76%;--awb-width-medium:33.333333333333%;--awb-order-medium:0;--awb-spacing-right-medium:5.76%;--awb-spacing-left-medium:5.76%;--awb-width-small:100%;--awb-order-small:0;--awb-spacing-right-small:1.92%;--awb-spacing-left-small:1.92%;\"><div class=\"fusion-column-wrapper fusion-column-has-shadow fusion-flex-justify-content-flex-start fusion-content-layout-column\"><\/div><\/div><\/div><\/div><div class=\"fusion-fullwidth fullwidth-box fusion-builder-row-2 fusion-flex-container has-pattern-background has-mask-background nonhundred-percent-fullwidth non-hundred-percent-height-scrolling\" style=\"--awb-border-radius-top-left:0px;--awb-border-radius-top-right:0px;--awb-border-radius-bottom-right:0px;--awb-border-radius-bottom-left:0px;--awb-padding-top:0px;--awb-padding-right:12px;--awb-padding-bottom:0px;--awb-padding-top-medium:0px;--awb-padding-bottom-medium:133px;--awb-margin-top:0px;--awb-margin-bottom:0px;--awb-margin-top-medium:25px;--awb-margin-bottom-medium:56px;--awb-flex-wrap:wrap;\" ><div class=\"fusion-builder-row fusion-row fusion-flex-align-items-flex-start fusion-flex-content-wrap\" style=\"max-width:1248px;margin-left: calc(-4% \/ 2 );margin-right: calc(-4% \/ 2 );\"><div class=\"fusion-layout-column fusion_builder_column fusion-builder-column-3 fusion_builder_column_1_2 1_2 fusion-flex-column\" style=\"--awb-bg-size:cover;--awb-width-large:50%;--awb-margin-top-large:0px;--awb-spacing-right-large:3.84%;--awb-margin-bottom-large:0px;--awb-spacing-left-large:3.84%;--awb-width-medium:50%;--awb-order-medium:0;--awb-spacing-right-medium:3.84%;--awb-spacing-left-medium:3.84%;--awb-width-small:100%;--awb-order-small:0;--awb-spacing-right-small:1.92%;--awb-spacing-left-small:1.92%;\"><div class=\"fusion-column-wrapper fusion-column-has-shadow fusion-flex-justify-content-flex-start fusion-content-layout-column\"><div class=\"fusion-text fusion-text-1\"><h2 style=\"font-size: 35px; --fontsize: 35; line-height: 1.3; --fontSize: 35;\" data-fontsize=\"35\" data-lineheight=\"45.5px\" class=\"fusion-responsive-typography-calculated\"><span style=\"background-color: var(--awb-bg-color-medium-hover); color: var(--awb-text-color); font-family: var(--awb-text-font-family); font-size: 33px; font-style: var(--awb-text-font-style); font-weight: var(--awb-text-font-weight); letter-spacing: normal; text-align: var(--awb-content-alignment); text-transform: var(--awb-text-transform);\" data-fusion-font=\"true\">Villes historiques et villages pittoresques  <\/span><\/h2>\n<p>La r\u00e9gion de l&rsquo;Alta Langa (qui fait partie des Langhe), situ\u00e9e au c\u0153ur du Pi\u00e9mont, est c\u00e9l\u00e8bre non seulement pour ses paysages vallonn\u00e9s et ses tr\u00e9sors culinaires, mais aussi pour ses villes historiques enchanteresses et ses charmants villages. Depuis Case Vista Alta Langa, vous d\u00e9couvrirez un monde de culture, d&rsquo;histoire et de vues \u00e0 couper le souffle. Voici quelques-uns des endroits les plus remarquables \u00e0 ne pas manquer :  <\/p>\n<p><span style=\"color: var(--awb-text-color); font-family: var(--awb-text-font-family); font-size: var(--awb-font-size); font-style: var(--awb-text-font-style); letter-spacing: var(--awb-letter-spacing); text-align: var(--awb-content-alignment); text-transform: var(--awb-text-transform); background-color: var(--awb-bg-color-medium-hover);\"><u><a style=\"color: var(--awb-color5);\" href=\"https:\/\/www.visitlmr.it\/en\/what-to-do\/itineraries\/urban\/alba\" target=\"_blank\" rel=\"noopener noreferrer\">Alba<\/a><span style=\"color: var(--awb-color5);\">:<\/span><\/u><\/span> <span style=\"color: var(--awb-text-color); font-family: var(--awb-text-font-family); font-size: var(--awb-font-size); font-style: var(--awb-text-font-style); font-weight: var(--awb-text-font-weight); letter-spacing: var(--awb-letter-spacing); text-align: var(--awb-content-alignment); text-transform: var(--awb-text-transform); background-color: var(--awb-bg-color-medium-hover);\">Ville de truffes et d&rsquo;histoire, o<\/span><span style=\"color: var(--awb-text-color); font-family: var(--awb-text-font-family); font-size: var(--awb-font-size); font-style: var(--awb-text-font-style); font-weight: var(--awb-text-font-weight); letter-spacing: var(--awb-letter-spacing); text-align: var(--awb-content-alignment); text-transform: var(--awb-text-transform); background-color: var(--awb-bg-color-medium-hover);\">\u00e0 environ 30 minutes de route. <\/span><span style=\"background-color: var(--awb-bg-color-medium-hover); color: var(--awb-text-color); font-family: var(--awb-text-font-family); font-size: var(--awb-font-size); font-style: var(--awb-text-font-style); font-weight: var(--awb-text-font-weight); letter-spacing: var(--awb-letter-spacing); text-align: var(--awb-content-alignment); text-transform: var(--awb-text-transform);\">Tours m\u00e9di\u00e9vales : Alba est \u00e9galement appel\u00e9e la \u00ab\u00a0ville aux 100 tours\u00a0\u00bb en raison de ses tours m\u00e9di\u00e9vales bien conserv\u00e9es.<\/span><\/p>\n<p><u><a href=\"https:\/\/www.fieradeltartufo.org\/\" target=\"_blank\" rel=\"noopener noreferrer\"><span style=\"color: var(--awb-color5);\">Foire \u00e0 la truffe<\/span><\/a><span style=\"color: var(--awb-color5);\">:<\/span><\/u> En automne, Alba accueille la c\u00e9l\u00e8bre foire de la truffe blanche.<\/p>\n<p><a style=\"color: #bc3f31;\" href=\"https:\/\/visitalba.eu\/en\/alba-citta-creativa-per-la-gastronomia\/\" target=\"_blank\" rel=\"noopener noreferrer\"><u>D\u00e9lices culinaires<\/u><\/a><span style=\"color: #bc3f31;\"><u>:<\/u> <\/span>Savourez des plats traditionnels et un verre de Barolo dans l&rsquo;un des restaurants atmosph\u00e9riques.<\/p>\n<p><a style=\"color: var(--awb-color5);\" href=\"https:\/\/visit.asti.it\/scopri-asti\/storia-e-territorio\/\" target=\"_blank\" rel=\"noopener noreferrer\"><u>Asti :<\/u><\/a> Vin et splendeur baroque<span style=\"color: var(--awb-text-color); font-family: var(--awb-text-font-family); font-size: var(--awb-font-size); font-style: var(--awb-text-font-style); font-weight: var(--awb-text-font-weight); letter-spacing: var(--awb-letter-spacing); text-align: var(--awb-content-alignment); text-transform: var(--awb-text-transform); background-color: var(--awb-bg-color-medium-hover);\">. <\/span><span style=\"color: var(--awb-text-color); font-family: var(--awb-text-font-family); font-size: var(--awb-font-size); font-style: var(--awb-text-font-style); font-weight: var(--awb-text-font-weight); letter-spacing: var(--awb-letter-spacing); text-align: var(--awb-content-alignment); text-transform: var(--awb-text-transform); background-color: var(--awb-bg-color-medium-hover);\"><a href=\"https:\/\/visit.asti.it\/en\/art-culture\/churches\/cathedral-of-the-assumption-and-saint-gotthard\/\" target=\"_blank\" rel=\"noopener noreferrer\" style=\"color: var(--awb-color5);\"><u>Cath\u00e9drale Santa Maria Assunta<\/u><\/a>: l&rsquo;une des plus belles \u00e9glises gothiques du Pi\u00e9mont. <\/span><span style=\"color: var(--awb-text-color); font-family: var(--awb-text-font-family); font-size: var(--awb-font-size); font-style: var(--awb-text-font-style); font-weight: var(--awb-text-font-weight); letter-spacing: var(--awb-letter-spacing); text-align: var(--awb-content-alignment); text-transform: var(--awb-text-transform); background-color: var(--awb-bg-color-medium-hover);\">Festival du vin Douja d&rsquo;Or : un \u00e9v\u00e9nement annuel c\u00e9l\u00e9brant les meilleurs vins de la r\u00e9gion.<\/span><\/p>\n<p>Palais et places : Promenez-vous dans les rues historiques et admirez les \u00e9l\u00e9gants palais et les places accueillantes.<\/p>\n<p><a style=\"color: var(--awb-color5);\" href=\"https:\/\/borghipiubelliditalia.it\/en\/borgo\/barolo\/#1480500703040-c930b84b-98b9\" target=\"_blank\" rel=\"noopener noreferrer\"><u>Barolo :<\/u><\/a> Le c\u0153ur de la r\u00e9gion viticole<span style=\"color: var(--awb-text-color); font-family: var(--awb-text-font-family); font-size: var(--awb-font-size); font-style: var(--awb-text-font-style); font-weight: var(--awb-text-font-weight); letter-spacing: var(--awb-letter-spacing); text-align: var(--awb-content-alignment); text-transform: var(--awb-text-transform); background-color: var(--awb-bg-color-medium-hover);\">. <\/span><a style=\"font-family: var(--awb-text-font-family); font-size: var(--awb-font-size); font-style: var(--awb-text-font-style); font-weight: var(--awb-text-font-weight); letter-spacing: var(--awb-letter-spacing); text-align: var(--awb-content-alignment); text-transform: var(--awb-text-transform); background-color: var(--awb-bg-color-medium-hover);\" href=\"https:\/\/www.wimubarolo.it\/en\/\" target=\"_blank\" rel=\"noopener noreferrer\"><span style=\"color: var(--awb-color5);\"><u>Mus\u00e9e du vin (WiMu) :<\/u><\/span><\/a><span style=\"color: var(--awb-text-color); font-family: var(--awb-text-font-family); font-size: var(--awb-font-size); font-style: var(--awb-text-font-style); font-weight: var(--awb-text-font-weight); letter-spacing: var(--awb-letter-spacing); text-align: var(--awb-content-alignment); text-transform: var(--awb-text-transform); background-color: var(--awb-bg-color-medium-hover);\"> Install\u00e9 dans le ch\u00e2teau de Barolo, ce mus\u00e9e propose une exp\u00e9rience interactive autour du vin.<\/span><\/p>\n<p>D\u00e9gustations de vins : visitez des vignobles de renomm\u00e9e mondiale et go\u00fbtez le c\u00e9l\u00e8bre vin Barolo.<\/p>\n<p>Vues panoramiques : Le village offre une vue imprenable sur les vignobles environnants.<\/p>\n<p><a style=\"font-family: var(--awb-text-font-family); font-size: var(--awb-font-size); font-style: var(--awb-text-font-style); font-weight: var(--awb-text-font-weight); letter-spacing: var(--awb-letter-spacing); text-align: var(--awb-content-alignment); text-transform: var(--awb-text-transform); background-color: var(--awb-bg-color-medium-hover);\" href=\"https:\/\/www.borgeseneive.com\/en\/discover-neive.php\" target=\"_blank\" rel=\"noopener noreferrer\"><span style=\"color: var(--awb-color5);\"><u>Neive :<\/u><\/span><\/a><span style=\"color: var(--awb-text-color); font-family: var(--awb-text-font-family); font-size: var(--awb-font-size); font-style: var(--awb-text-font-style); font-weight: var(--awb-text-font-weight); letter-spacing: var(--awb-letter-spacing); text-align: var(--awb-content-alignment); text-transform: var(--awb-text-transform); background-color: var(--awb-bg-color-medium-hover);\">  Ce charmant village fait partie des \u00ab\u00a0Borghi pi\u00f9 belli d&rsquo;Italia\u00a0\u00bb (les plus beaux villages d&rsquo;Italie). Promenez-vous dans les rues sinueuses, admirez l&rsquo;architecture m\u00e9di\u00e9vale et d\u00e9gustez un verre de vin local dans l&rsquo;un des bars \u00e0 vin. <\/span><\/p>\n<h2 class=\"fusion-responsive-typography-calculated\" style=\"line-height: 0.43; font-size: 30px; --fontsize: 30; --fontSize: 30;\" data-fusion-font=\"true\" data-fontsize=\"30\" data-lineheight=\"12.9px\"><\/h2>\n<\/div><div ><a class=\"fusion-button button-flat fusion-button-default-size button-default fusion-button-default button-1 fusion-button-default-span fusion-button-default-type\" target=\"_self\" href=\"https:\/\/vistaaltalanga.com\/aktiviteiten-in-de-alta-langa\/\"><span class=\"fusion-button-text awb-button__text awb-button__text--default\">Plus d&rsquo;activit\u00e9s<\/span><\/a><\/div><\/div><\/div><div class=\"fusion-layout-column fusion_builder_column fusion-builder-column-4 fusion_builder_column_1_2 1_2 fusion-flex-column\" style=\"--awb-padding-top:60px;--awb-bg-size:cover;--awb-width-large:50%;--awb-margin-top-large:0px;--awb-spacing-right-large:3.84%;--awb-spacing-left-large:3.84%;--awb-width-medium:50%;--awb-order-medium:0;--awb-spacing-right-medium:3.84%;--awb-spacing-left-medium:3.84%;--awb-width-small:100%;--awb-order-small:0;--awb-spacing-right-small:1.92%;--awb-spacing-left-small:1.92%;\"><div class=\"fusion-column-wrapper fusion-column-has-shadow fusion-flex-justify-content-flex-start fusion-content-layout-column\"><div class=\"fusion-image-element \" style=\"--awb-caption-title-font-family:var(--h2_typography-font-family);--awb-caption-title-font-weight:var(--h2_typography-font-weight);--awb-caption-title-font-style:var(--h2_typography-font-style);--awb-caption-title-size:var(--h2_typography-font-size);--awb-caption-title-transform:var(--h2_typography-text-transform);--awb-caption-title-line-height:var(--h2_typography-line-height);--awb-caption-title-letter-spacing:var(--h2_typography-letter-spacing);\"><span class=\" fusion-imageframe imageframe-none imageframe-1 hover-type-none\" style=\"border-radius:10px;\"><img decoding=\"async\" width=\"600\" height=\"399\" title=\"Alba\" src=\"https:\/\/vistaaltalanga.com\/wp-content\/uploads\/2024\/12\/Alba.webp\" data-orig-src=\"https:\/\/vistaaltalanga.com\/wp-content\/uploads\/2024\/12\/Alba.webp\" alt class=\"lazyload img-responsive wp-image-4207\" srcset=\"data:image\/svg+xml,%3Csvg%20xmlns%3D%27http%3A%2F%2Fwww.w3.org%2F2000%2Fsvg%27%20width%3D%27600%27%20height%3D%27399%27%20viewBox%3D%270%200%20600%20399%27%3E%3Crect%20width%3D%27600%27%20height%3D%27399%27%20fill-opacity%3D%220%22%2F%3E%3C%2Fsvg%3E\" data-srcset=\"https:\/\/vistaaltalanga.com\/wp-content\/uploads\/2024\/12\/Alba-200x133.webp 200w, https:\/\/vistaaltalanga.com\/wp-content\/uploads\/2024\/12\/Alba-400x266.webp 400w, https:\/\/vistaaltalanga.com\/wp-content\/uploads\/2024\/12\/Alba.webp 600w\" data-sizes=\"auto\" data-orig-sizes=\"(max-width: 640px) 100vw, 600px\" \/><\/span><\/div><div class=\"fusion-image-element \" style=\"--awb-margin-top:30px;--awb-caption-title-font-family:var(--h2_typography-font-family);--awb-caption-title-font-weight:var(--h2_typography-font-weight);--awb-caption-title-font-style:var(--h2_typography-font-style);--awb-caption-title-size:var(--h2_typography-font-size);--awb-caption-title-transform:var(--h2_typography-text-transform);--awb-caption-title-line-height:var(--h2_typography-line-height);--awb-caption-title-letter-spacing:var(--h2_typography-letter-spacing);\"><span class=\" fusion-imageframe imageframe-none imageframe-2 hover-type-none\" style=\"border-radius:10px;\"><img decoding=\"async\" width=\"2560\" height=\"1920\" title=\"20221029_114942914_iOS\" src=\"https:\/\/vistaaltalanga.com\/wp-content\/uploads\/2024\/12\/20221029_114942914_iOS-scaled.jpg\" data-orig-src=\"https:\/\/vistaaltalanga.com\/wp-content\/uploads\/2024\/12\/20221029_114942914_iOS-scaled.jpg\" alt class=\"lazyload img-responsive wp-image-4202\" srcset=\"data:image\/svg+xml,%3Csvg%20xmlns%3D%27http%3A%2F%2Fwww.w3.org%2F2000%2Fsvg%27%20width%3D%272560%27%20height%3D%271920%27%20viewBox%3D%270%200%202560%201920%27%3E%3Crect%20width%3D%272560%27%20height%3D%271920%27%20fill-opacity%3D%220%22%2F%3E%3C%2Fsvg%3E\" data-srcset=\"https:\/\/vistaaltalanga.com\/wp-content\/uploads\/2024\/12\/20221029_114942914_iOS-200x150.jpg 200w, https:\/\/vistaaltalanga.com\/wp-content\/uploads\/2024\/12\/20221029_114942914_iOS-400x300.jpg 400w, https:\/\/vistaaltalanga.com\/wp-content\/uploads\/2024\/12\/20221029_114942914_iOS-600x450.jpg 600w, https:\/\/vistaaltalanga.com\/wp-content\/uploads\/2024\/12\/20221029_114942914_iOS-800x600.jpg 800w, https:\/\/vistaaltalanga.com\/wp-content\/uploads\/2024\/12\/20221029_114942914_iOS-1200x900.jpg 1200w, https:\/\/vistaaltalanga.com\/wp-content\/uploads\/2024\/12\/20221029_114942914_iOS-scaled.jpg 2560w\" data-sizes=\"auto\" data-orig-sizes=\"(max-width: 640px) 100vw, 600px\" \/><\/span><\/div><div class=\"fusion-image-element \" style=\"--awb-margin-top:30px;--awb-caption-title-font-family:var(--h2_typography-font-family);--awb-caption-title-font-weight:var(--h2_typography-font-weight);--awb-caption-title-font-style:var(--h2_typography-font-style);--awb-caption-title-size:var(--h2_typography-font-size);--awb-caption-title-transform:var(--h2_typography-text-transform);--awb-caption-title-line-height:var(--h2_typography-line-height);--awb-caption-title-letter-spacing:var(--h2_typography-letter-spacing);\"><span class=\" fusion-imageframe imageframe-none imageframe-3 hover-type-none\" style=\"border-radius:10px;\"><img decoding=\"async\" width=\"680\" height=\"450\" title=\"assunta\" src=\"https:\/\/vistaaltalanga.com\/wp-content\/uploads\/2024\/12\/assunta.jpg\" data-orig-src=\"https:\/\/vistaaltalanga.com\/wp-content\/uploads\/2024\/12\/assunta.jpg\" alt class=\"lazyload img-responsive wp-image-4231\" srcset=\"data:image\/svg+xml,%3Csvg%20xmlns%3D%27http%3A%2F%2Fwww.w3.org%2F2000%2Fsvg%27%20width%3D%27680%27%20height%3D%27450%27%20viewBox%3D%270%200%20680%20450%27%3E%3Crect%20width%3D%27680%27%20height%3D%27450%27%20fill-opacity%3D%220%22%2F%3E%3C%2Fsvg%3E\" data-srcset=\"https:\/\/vistaaltalanga.com\/wp-content\/uploads\/2024\/12\/assunta-200x132.jpg 200w, https:\/\/vistaaltalanga.com\/wp-content\/uploads\/2024\/12\/assunta-400x265.jpg 400w, https:\/\/vistaaltalanga.com\/wp-content\/uploads\/2024\/12\/assunta-600x397.jpg 600w, https:\/\/vistaaltalanga.com\/wp-content\/uploads\/2024\/12\/assunta.jpg 680w\" data-sizes=\"auto\" data-orig-sizes=\"(max-width: 640px) 100vw, 600px\" \/><\/span><\/div><\/div><\/div><\/div><\/div><\/p>\n","protected":false},"excerpt":{"rendered":"","protected":false},"author":1,"featured_media":0,"parent":0,"menu_order":0,"comment_status":"closed","ping_status":"closed","template":"100-width.php","meta":{"footnotes":""},"class_list":["post-4543","page","type-page","status-publish","hentry"],"_links":{"self":[{"href":"https:\/\/vistaaltalanga.com\/fr\/wp-json\/wp\/v2\/pages\/4543","targetHints":{"allow":["GET"]}}],"collection":[{"href":"https:\/\/vistaaltalanga.com\/fr\/wp-json\/wp\/v2\/pages"}],"about":[{"href":"https:\/\/vistaaltalanga.com\/fr\/wp-json\/wp\/v2\/types\/page"}],"author":[{"embeddable":true,"href":"https:\/\/vistaaltalanga.com\/fr\/wp-json\/wp\/v2\/users\/1"}],"replies":[{"embeddable":true,"href":"https:\/\/vistaaltalanga.com\/fr\/wp-json\/wp\/v2\/comments?post=4543"}],"version-history":[{"count":7,"href":"https:\/\/vistaaltalanga.com\/fr\/wp-json\/wp\/v2\/pages\/4543\/revisions"}],"predecessor-version":[{"id":4577,"href":"https:\/\/vistaaltalanga.com\/fr\/wp-json\/wp\/v2\/pages\/4543\/revisions\/4577"}],"wp:attachment":[{"href":"https:\/\/vistaaltalanga.com\/fr\/wp-json\/wp\/v2\/media?parent=4543"}],"curies":[{"name":"wp","href":"https:\/\/api.w.org\/{rel}","templated":true}]}}