
{"id":4532,"date":"2024-12-08T13:25:35","date_gmt":"2024-12-08T12:25:35","guid":{"rendered":"https:\/\/vistaaltalanga.com\/staedte-und-doerfer\/"},"modified":"2024-12-27T09:57:56","modified_gmt":"2024-12-27T08:57:56","slug":"staedte-und-doerfer","status":"publish","type":"page","link":"https:\/\/vistaaltalanga.com\/de\/staedte-und-doerfer\/","title":{"rendered":"St\u00e4dte und D\u00f6rfer"},"content":{"rendered":"<p><div class=\"fusion-fullwidth fullwidth-box fusion-builder-row-1 fusion-flex-container has-pattern-background has-mask-background nonhundred-percent-fullwidth non-hundred-percent-height-scrolling\" style=\"--awb-border-radius-top-left:0px;--awb-border-radius-top-right:0px;--awb-border-radius-bottom-right:0px;--awb-border-radius-bottom-left:0px;--awb-padding-bottom:0px;--awb-margin-bottom:0px;--awb-flex-wrap:wrap;\" ><div class=\"fusion-builder-row fusion-row fusion-flex-align-items-flex-start fusion-flex-content-wrap\" style=\"max-width:1248px;margin-left: calc(-4% \/ 2 );margin-right: calc(-4% \/ 2 );\"><div class=\"fusion-layout-column fusion_builder_column fusion-builder-column-0 fusion_builder_column_1_3 1_3 fusion-flex-column\" style=\"--awb-bg-size:cover;--awb-width-large:33.333333333333%;--awb-margin-top-large:0px;--awb-spacing-right-large:5.76%;--awb-spacing-left-large:5.76%;--awb-width-medium:33.333333333333%;--awb-order-medium:0;--awb-spacing-right-medium:5.76%;--awb-spacing-left-medium:5.76%;--awb-width-small:100%;--awb-order-small:0;--awb-spacing-right-small:1.92%;--awb-spacing-left-small:1.92%;\"><div class=\"fusion-column-wrapper fusion-column-has-shadow fusion-flex-justify-content-flex-start fusion-content-layout-column\"><\/div><\/div><div class=\"fusion-layout-column fusion_builder_column fusion-builder-column-1 fusion_builder_column_1_3 1_3 fusion-flex-column\" style=\"--awb-bg-size:cover;--awb-width-large:33.333333333333%;--awb-margin-top-large:17px;--awb-spacing-right-large:0.864%;--awb-margin-bottom-large:42px;--awb-spacing-left-large:0%;--awb-width-medium:33.333333333333%;--awb-order-medium:0;--awb-spacing-right-medium:0.864%;--awb-spacing-left-medium:0%;--awb-width-small:100%;--awb-order-small:0;--awb-spacing-right-small:1.92%;--awb-spacing-left-small:1.92%;\"><div class=\"fusion-column-wrapper lazyload fusion-column-has-shadow fusion-flex-justify-content-flex-start fusion-content-layout-column fusion-empty-column-bg-image fusion-column-has-bg-image\" data-bg-url=\"https:\/\/vistaaltalanga.com\/wp-content\/uploads\/2024\/04\/Case-Vista-Alta-Langa-no-nut2-e1712162312922.png\" data-bg=\"https:\/\/vistaaltalanga.com\/wp-content\/uploads\/2024\/04\/Case-Vista-Alta-Langa-no-nut2-e1712162312922.png\"><img decoding=\"async\" class=\"fusion-empty-dims-img-placeholder\" aria-label=\"Case Vista Alta Langa no nut2\" src=\"data:image\/svg+xml,%3Csvg%20xmlns%3D%27http%3A%2F%2Fwww.w3.org%2F2000%2Fsvg%27%20width%3D%27880%27%20height%3D%27385%27%20viewBox%3D%270%200%20880%20385%27%3E%3Crect%20width%3D%27880%27%20height%3D%27385%27%20fill-opacity%3D%220%22%2F%3E%3C%2Fsvg%3E\"><\/div><\/div><div class=\"fusion-layout-column fusion_builder_column fusion-builder-column-2 fusion_builder_column_1_3 1_3 fusion-flex-column\" style=\"--awb-bg-size:cover;--awb-width-large:33.333333333333%;--awb-margin-top-large:0px;--awb-spacing-right-large:5.76%;--awb-spacing-left-large:5.76%;--awb-width-medium:33.333333333333%;--awb-order-medium:0;--awb-spacing-right-medium:5.76%;--awb-spacing-left-medium:5.76%;--awb-width-small:100%;--awb-order-small:0;--awb-spacing-right-small:1.92%;--awb-spacing-left-small:1.92%;\"><div class=\"fusion-column-wrapper fusion-column-has-shadow fusion-flex-justify-content-flex-start fusion-content-layout-column\"><\/div><\/div><\/div><\/div><div class=\"fusion-fullwidth fullwidth-box fusion-builder-row-2 fusion-flex-container has-pattern-background has-mask-background nonhundred-percent-fullwidth non-hundred-percent-height-scrolling\" style=\"--awb-border-radius-top-left:0px;--awb-border-radius-top-right:0px;--awb-border-radius-bottom-right:0px;--awb-border-radius-bottom-left:0px;--awb-padding-top:0px;--awb-padding-right:12px;--awb-padding-bottom:0px;--awb-padding-top-medium:0px;--awb-padding-bottom-medium:133px;--awb-margin-top:0px;--awb-margin-bottom:0px;--awb-margin-top-medium:25px;--awb-margin-bottom-medium:56px;--awb-flex-wrap:wrap;\" ><div class=\"fusion-builder-row fusion-row fusion-flex-align-items-flex-start fusion-flex-content-wrap\" style=\"max-width:1248px;margin-left: calc(-4% \/ 2 );margin-right: calc(-4% \/ 2 );\"><div class=\"fusion-layout-column fusion_builder_column fusion-builder-column-3 fusion_builder_column_1_2 1_2 fusion-flex-column\" style=\"--awb-bg-size:cover;--awb-width-large:50%;--awb-margin-top-large:0px;--awb-spacing-right-large:3.84%;--awb-margin-bottom-large:0px;--awb-spacing-left-large:3.84%;--awb-width-medium:50%;--awb-order-medium:0;--awb-spacing-right-medium:3.84%;--awb-spacing-left-medium:3.84%;--awb-width-small:100%;--awb-order-small:0;--awb-spacing-right-small:1.92%;--awb-spacing-left-small:1.92%;\"><div class=\"fusion-column-wrapper fusion-column-has-shadow fusion-flex-justify-content-flex-start fusion-content-layout-column\"><div class=\"fusion-text fusion-text-1\"><h2 style=\"font-size: 35px; --fontsize: 35; line-height: 1.3; --fontSize: 35;\" data-fontsize=\"35\" data-lineheight=\"45.5px\" class=\"fusion-responsive-typography-calculated\"><span style=\"background-color: var(--awb-bg-color-medium-hover); color: var(--awb-text-color); font-family: var(--awb-text-font-family); font-size: 33px; font-style: var(--awb-text-font-style); font-weight: var(--awb-text-font-weight); letter-spacing: normal; text-align: var(--awb-content-alignment); text-transform: var(--awb-text-transform);\" data-fusion-font=\"true\">Historische St\u00e4dte und malerische D\u00f6rfer  <\/span><\/h2>\n<p>Die Region Alta Langa (Teil der Langhe) im Herzen des Piemont ist nicht nur f\u00fcr ihre h\u00fcgelige Landschaft und ihre kulinarischen Sch\u00e4tze bekannt, sondern auch f\u00fcr ihre bezaubernden historischen St\u00e4dte und charmanten D\u00f6rfer. Von Case Vista Alta Langa aus werden Sie eine Welt voller Kultur, Geschichte und atemberaubender Aussichten entdecken. Hier sind einige der eindrucksvollsten Orte, die Sie nicht verpassen sollten:  <\/p>\n<p><span style=\"color: var(--awb-text-color); font-family: var(--awb-text-font-family); font-size: var(--awb-font-size); font-style: var(--awb-text-font-style); letter-spacing: var(--awb-letter-spacing); text-align: var(--awb-content-alignment); text-transform: var(--awb-text-transform); background-color: var(--awb-bg-color-medium-hover);\"><u><a style=\"color: var(--awb-color5);\" href=\"https:\/\/www.visitlmr.it\/en\/what-to-do\/itineraries\/urban\/alba\" target=\"_blank\" rel=\"noopener noreferrer\">Alba<\/a><span style=\"color: var(--awb-color5);\">:<\/span><\/u><\/span> <span style=\"color: var(--awb-text-color); font-family: var(--awb-text-font-family); font-size: var(--awb-font-size); font-style: var(--awb-text-font-style); font-weight: var(--awb-text-font-weight); letter-spacing: var(--awb-letter-spacing); text-align: var(--awb-content-alignment); text-transform: var(--awb-text-transform); background-color: var(--awb-bg-color-medium-hover);\">Stadt der Tr\u00fcffel und der Geschichte, o<\/span><span style=\"color: var(--awb-text-color); font-family: var(--awb-text-font-family); font-size: var(--awb-font-size); font-style: var(--awb-text-font-style); font-weight: var(--awb-text-font-weight); letter-spacing: var(--awb-letter-spacing); text-align: var(--awb-content-alignment); text-transform: var(--awb-text-transform); background-color: var(--awb-bg-color-medium-hover);\">etwa 30 Autominuten entfernt. <\/span><span style=\"background-color: var(--awb-bg-color-medium-hover); color: var(--awb-text-color); font-family: var(--awb-text-font-family); font-size: var(--awb-font-size); font-style: var(--awb-text-font-style); font-weight: var(--awb-text-font-weight); letter-spacing: var(--awb-letter-spacing); text-align: var(--awb-content-alignment); text-transform: var(--awb-text-transform);\">Mittelalterliche T\u00fcrme: Alba wird wegen seiner gut erhaltenen T\u00fcrme aus dem Mittelalter auch die &#8222;Stadt der 100 T\u00fcrme&#8220; genannt.<\/span><\/p>\n<p><u><a href=\"https:\/\/www.fieradeltartufo.org\/\" target=\"_blank\" rel=\"noopener noreferrer\"><span style=\"color: var(--awb-color5);\">Tr\u00fcffel Messe<\/span><\/a><span style=\"color: var(--awb-color5);\">:<\/span><\/u> Im Herbst findet in Alba die ber\u00fchmte Messe f\u00fcr wei\u00dfe Tr\u00fcffel statt.<\/p>\n<p><a style=\"color: #bc3f31;\" href=\"https:\/\/visitalba.eu\/en\/alba-citta-creativa-per-la-gastronomia\/\" target=\"_blank\" rel=\"noopener noreferrer\"><u>Kulinarischer Genuss<\/u><\/a><span style=\"color: #bc3f31;\"><u>:<\/u> <\/span>Genie\u00dfen Sie traditionelle Gerichte und ein Glas Barolo in einem der stimmungsvollen Restaurants.<\/p>\n<p><a style=\"color: var(--awb-color5);\" href=\"https:\/\/visit.asti.it\/scopri-asti\/storia-e-territorio\/\" target=\"_blank\" rel=\"noopener noreferrer\"><u>Asti:<\/u><\/a> Wein und barocke Pracht<span style=\"color: var(--awb-text-color); font-family: var(--awb-text-font-family); font-size: var(--awb-font-size); font-style: var(--awb-text-font-style); font-weight: var(--awb-text-font-weight); letter-spacing: var(--awb-letter-spacing); text-align: var(--awb-content-alignment); text-transform: var(--awb-text-transform); background-color: var(--awb-bg-color-medium-hover);\">. <\/span><span style=\"color: var(--awb-text-color); font-family: var(--awb-text-font-family); font-size: var(--awb-font-size); font-style: var(--awb-text-font-style); font-weight: var(--awb-text-font-weight); letter-spacing: var(--awb-letter-spacing); text-align: var(--awb-content-alignment); text-transform: var(--awb-text-transform); background-color: var(--awb-bg-color-medium-hover);\"><a href=\"https:\/\/visit.asti.it\/en\/art-culture\/churches\/cathedral-of-the-assumption-and-saint-gotthard\/\" target=\"_blank\" rel=\"noopener noreferrer\" style=\"color: var(--awb-color5);\"><u>Kathedrale Santa Maria Assunta<\/u><\/a>: Eine der sch\u00f6nsten gotischen Kirchen im Piemont. <\/span><span style=\"color: var(--awb-text-color); font-family: var(--awb-text-font-family); font-size: var(--awb-font-size); font-style: var(--awb-text-font-style); font-weight: var(--awb-text-font-weight); letter-spacing: var(--awb-letter-spacing); text-align: var(--awb-content-alignment); text-transform: var(--awb-text-transform); background-color: var(--awb-bg-color-medium-hover);\">Weinfest Douja d&#8217;Or: Eine j\u00e4hrliche Veranstaltung, bei der die besten Weine der Region gefeiert werden.<\/span><\/p>\n<p>Palazzi und Pl\u00e4tze: Schlendern Sie durch die historischen Stra\u00dfen und bewundern Sie die eleganten Pal\u00e4ste und gem\u00fctlichen Pl\u00e4tze.<\/p>\n<p><a style=\"color: var(--awb-color5);\" href=\"https:\/\/borghipiubelliditalia.it\/en\/borgo\/barolo\/#1480500703040-c930b84b-98b9\" target=\"_blank\" rel=\"noopener noreferrer\"><u>Barolo:<\/u><\/a> Das Herz der Weinregion<span style=\"color: var(--awb-text-color); font-family: var(--awb-text-font-family); font-size: var(--awb-font-size); font-style: var(--awb-text-font-style); font-weight: var(--awb-text-font-weight); letter-spacing: var(--awb-letter-spacing); text-align: var(--awb-content-alignment); text-transform: var(--awb-text-transform); background-color: var(--awb-bg-color-medium-hover);\">. <\/span><a style=\"font-family: var(--awb-text-font-family); font-size: var(--awb-font-size); font-style: var(--awb-text-font-style); font-weight: var(--awb-text-font-weight); letter-spacing: var(--awb-letter-spacing); text-align: var(--awb-content-alignment); text-transform: var(--awb-text-transform); background-color: var(--awb-bg-color-medium-hover);\" href=\"https:\/\/www.wimubarolo.it\/en\/\" target=\"_blank\" rel=\"noopener noreferrer\"><span style=\"color: var(--awb-color5);\"><u>Weinmuseum (WiMu):<\/u><\/span><\/a><span style=\"color: var(--awb-text-color); font-family: var(--awb-text-font-family); font-size: var(--awb-font-size); font-style: var(--awb-text-font-style); font-weight: var(--awb-text-font-weight); letter-spacing: var(--awb-letter-spacing); text-align: var(--awb-content-alignment); text-transform: var(--awb-text-transform); background-color: var(--awb-bg-color-medium-hover);\"> Dieses Museum ist im Schloss von Barolo untergebracht und bietet ein interaktives Erlebnis rund um den Wein.<\/span><\/p>\n<p>Weinverkostungen: Besuchen Sie weltber\u00fchmte Weing\u00fcter und probieren Sie den kultigen Barolo-Wein.<\/p>\n<p>Panoramablick: Das Dorf bietet einen atemberaubenden Blick auf die umliegenden Weinberge.<\/p>\n<p><a style=\"font-family: var(--awb-text-font-family); font-size: var(--awb-font-size); font-style: var(--awb-text-font-style); font-weight: var(--awb-text-font-weight); letter-spacing: var(--awb-letter-spacing); text-align: var(--awb-content-alignment); text-transform: var(--awb-text-transform); background-color: var(--awb-bg-color-medium-hover);\" href=\"https:\/\/www.borgeseneive.com\/en\/discover-neive.php\" target=\"_blank\" rel=\"noopener noreferrer\"><span style=\"color: var(--awb-color5);\"><u>Neive:<\/u><\/span><\/a><span style=\"color: var(--awb-text-color); font-family: var(--awb-text-font-family); font-size: var(--awb-font-size); font-style: var(--awb-text-font-style); font-weight: var(--awb-text-font-weight); letter-spacing: var(--awb-letter-spacing); text-align: var(--awb-content-alignment); text-transform: var(--awb-text-transform); background-color: var(--awb-bg-color-medium-hover);\">  Dieses charmante Dorf geh\u00f6rt zu den &#8222;Borghi pi\u00f9 belli d&#8217;Italia&#8220; (den sch\u00f6nsten D\u00f6rfern Italiens). Schlendern Sie durch die verwinkelten Gassen, bewundern Sie die mittelalterliche Architektur und genie\u00dfen Sie ein Glas lokalen Weins in einer der stimmungsvollen Weinbars. <\/span><\/p>\n<h2 class=\"fusion-responsive-typography-calculated\" style=\"line-height: 0.43; font-size: 30px; --fontsize: 30; --fontSize: 30;\" data-fusion-font=\"true\" data-fontsize=\"30\" data-lineheight=\"12.9px\"><\/h2>\n<\/div><div ><a class=\"fusion-button button-flat fusion-button-default-size button-default fusion-button-default button-1 fusion-button-default-span fusion-button-default-type\" target=\"_self\" href=\"https:\/\/vistaaltalanga.com\/aktiviteiten-in-de-alta-langa\/\"><span class=\"fusion-button-text awb-button__text awb-button__text--default\">Mehr Aktivit\u00e4ten<\/span><\/a><\/div><\/div><\/div><div class=\"fusion-layout-column fusion_builder_column fusion-builder-column-4 fusion_builder_column_1_2 1_2 fusion-flex-column\" style=\"--awb-padding-top:60px;--awb-bg-size:cover;--awb-width-large:50%;--awb-margin-top-large:0px;--awb-spacing-right-large:3.84%;--awb-spacing-left-large:3.84%;--awb-width-medium:50%;--awb-order-medium:0;--awb-spacing-right-medium:3.84%;--awb-spacing-left-medium:3.84%;--awb-width-small:100%;--awb-order-small:0;--awb-spacing-right-small:1.92%;--awb-spacing-left-small:1.92%;\"><div class=\"fusion-column-wrapper fusion-column-has-shadow fusion-flex-justify-content-flex-start fusion-content-layout-column\"><div class=\"fusion-image-element \" style=\"--awb-caption-title-font-family:var(--h2_typography-font-family);--awb-caption-title-font-weight:var(--h2_typography-font-weight);--awb-caption-title-font-style:var(--h2_typography-font-style);--awb-caption-title-size:var(--h2_typography-font-size);--awb-caption-title-transform:var(--h2_typography-text-transform);--awb-caption-title-line-height:var(--h2_typography-line-height);--awb-caption-title-letter-spacing:var(--h2_typography-letter-spacing);\"><span class=\" fusion-imageframe imageframe-none imageframe-1 hover-type-none\" style=\"border-radius:10px;\"><img decoding=\"async\" width=\"600\" height=\"399\" title=\"Alba\" src=\"https:\/\/vistaaltalanga.com\/wp-content\/uploads\/2024\/12\/Alba.webp\" data-orig-src=\"https:\/\/vistaaltalanga.com\/wp-content\/uploads\/2024\/12\/Alba.webp\" alt class=\"lazyload img-responsive wp-image-4208\" srcset=\"data:image\/svg+xml,%3Csvg%20xmlns%3D%27http%3A%2F%2Fwww.w3.org%2F2000%2Fsvg%27%20width%3D%27600%27%20height%3D%27399%27%20viewBox%3D%270%200%20600%20399%27%3E%3Crect%20width%3D%27600%27%20height%3D%27399%27%20fill-opacity%3D%220%22%2F%3E%3C%2Fsvg%3E\" data-srcset=\"https:\/\/vistaaltalanga.com\/wp-content\/uploads\/2024\/12\/Alba-200x133.webp 200w, https:\/\/vistaaltalanga.com\/wp-content\/uploads\/2024\/12\/Alba-400x266.webp 400w, https:\/\/vistaaltalanga.com\/wp-content\/uploads\/2024\/12\/Alba.webp 600w\" data-sizes=\"auto\" data-orig-sizes=\"(max-width: 640px) 100vw, 600px\" \/><\/span><\/div><div class=\"fusion-image-element \" style=\"--awb-margin-top:30px;--awb-caption-title-font-family:var(--h2_typography-font-family);--awb-caption-title-font-weight:var(--h2_typography-font-weight);--awb-caption-title-font-style:var(--h2_typography-font-style);--awb-caption-title-size:var(--h2_typography-font-size);--awb-caption-title-transform:var(--h2_typography-text-transform);--awb-caption-title-line-height:var(--h2_typography-line-height);--awb-caption-title-letter-spacing:var(--h2_typography-letter-spacing);\"><span class=\" fusion-imageframe imageframe-none imageframe-2 hover-type-none\" style=\"border-radius:10px;\"><img decoding=\"async\" width=\"2560\" height=\"1920\" title=\"20221029_114942914_iOS\" src=\"https:\/\/vistaaltalanga.com\/wp-content\/uploads\/2024\/12\/20221029_114942914_iOS-scaled.jpg\" data-orig-src=\"https:\/\/vistaaltalanga.com\/wp-content\/uploads\/2024\/12\/20221029_114942914_iOS-scaled.jpg\" alt class=\"lazyload img-responsive wp-image-4203\" srcset=\"data:image\/svg+xml,%3Csvg%20xmlns%3D%27http%3A%2F%2Fwww.w3.org%2F2000%2Fsvg%27%20width%3D%272560%27%20height%3D%271920%27%20viewBox%3D%270%200%202560%201920%27%3E%3Crect%20width%3D%272560%27%20height%3D%271920%27%20fill-opacity%3D%220%22%2F%3E%3C%2Fsvg%3E\" data-srcset=\"https:\/\/vistaaltalanga.com\/wp-content\/uploads\/2024\/12\/20221029_114942914_iOS-200x150.jpg 200w, https:\/\/vistaaltalanga.com\/wp-content\/uploads\/2024\/12\/20221029_114942914_iOS-400x300.jpg 400w, https:\/\/vistaaltalanga.com\/wp-content\/uploads\/2024\/12\/20221029_114942914_iOS-600x450.jpg 600w, https:\/\/vistaaltalanga.com\/wp-content\/uploads\/2024\/12\/20221029_114942914_iOS-800x600.jpg 800w, https:\/\/vistaaltalanga.com\/wp-content\/uploads\/2024\/12\/20221029_114942914_iOS-1200x900.jpg 1200w, https:\/\/vistaaltalanga.com\/wp-content\/uploads\/2024\/12\/20221029_114942914_iOS-scaled.jpg 2560w\" data-sizes=\"auto\" data-orig-sizes=\"(max-width: 640px) 100vw, 600px\" \/><\/span><\/div><div class=\"fusion-image-element \" style=\"--awb-margin-top:30px;--awb-caption-title-font-family:var(--h2_typography-font-family);--awb-caption-title-font-weight:var(--h2_typography-font-weight);--awb-caption-title-font-style:var(--h2_typography-font-style);--awb-caption-title-size:var(--h2_typography-font-size);--awb-caption-title-transform:var(--h2_typography-text-transform);--awb-caption-title-line-height:var(--h2_typography-line-height);--awb-caption-title-letter-spacing:var(--h2_typography-letter-spacing);\"><span class=\" fusion-imageframe imageframe-none imageframe-3 hover-type-none\" style=\"border-radius:10px;\"><img decoding=\"async\" width=\"680\" height=\"450\" title=\"assunta\" src=\"https:\/\/vistaaltalanga.com\/wp-content\/uploads\/2024\/12\/assunta.jpg\" data-orig-src=\"https:\/\/vistaaltalanga.com\/wp-content\/uploads\/2024\/12\/assunta.jpg\" alt class=\"lazyload img-responsive wp-image-4232\" srcset=\"data:image\/svg+xml,%3Csvg%20xmlns%3D%27http%3A%2F%2Fwww.w3.org%2F2000%2Fsvg%27%20width%3D%27680%27%20height%3D%27450%27%20viewBox%3D%270%200%20680%20450%27%3E%3Crect%20width%3D%27680%27%20height%3D%27450%27%20fill-opacity%3D%220%22%2F%3E%3C%2Fsvg%3E\" data-srcset=\"https:\/\/vistaaltalanga.com\/wp-content\/uploads\/2024\/12\/assunta-200x132.jpg 200w, https:\/\/vistaaltalanga.com\/wp-content\/uploads\/2024\/12\/assunta-400x265.jpg 400w, https:\/\/vistaaltalanga.com\/wp-content\/uploads\/2024\/12\/assunta-600x397.jpg 600w, https:\/\/vistaaltalanga.com\/wp-content\/uploads\/2024\/12\/assunta.jpg 680w\" data-sizes=\"auto\" data-orig-sizes=\"(max-width: 640px) 100vw, 600px\" \/><\/span><\/div><\/div><\/div><\/div><\/div><\/p>\n","protected":false},"excerpt":{"rendered":"","protected":false},"author":1,"featured_media":0,"parent":0,"menu_order":0,"comment_status":"closed","ping_status":"closed","template":"100-width.php","meta":{"footnotes":""},"class_list":["post-4532","page","type-page","status-publish","hentry"],"_links":{"self":[{"href":"https:\/\/vistaaltalanga.com\/de\/wp-json\/wp\/v2\/pages\/4532","targetHints":{"allow":["GET"]}}],"collection":[{"href":"https:\/\/vistaaltalanga.com\/de\/wp-json\/wp\/v2\/pages"}],"about":[{"href":"https:\/\/vistaaltalanga.com\/de\/wp-json\/wp\/v2\/types\/page"}],"author":[{"embeddable":true,"href":"https:\/\/vistaaltalanga.com\/de\/wp-json\/wp\/v2\/users\/1"}],"replies":[{"embeddable":true,"href":"https:\/\/vistaaltalanga.com\/de\/wp-json\/wp\/v2\/comments?post=4532"}],"version-history":[{"count":9,"href":"https:\/\/vistaaltalanga.com\/de\/wp-json\/wp\/v2\/pages\/4532\/revisions"}],"predecessor-version":[{"id":4576,"href":"https:\/\/vistaaltalanga.com\/de\/wp-json\/wp\/v2\/pages\/4532\/revisions\/4576"}],"wp:attachment":[{"href":"https:\/\/vistaaltalanga.com\/de\/wp-json\/wp\/v2\/media?parent=4532"}],"curies":[{"name":"wp","href":"https:\/\/api.w.org\/{rel}","templated":true}]}}