
{"id":4508,"date":"2024-12-11T11:19:04","date_gmt":"2024-12-11T10:19:04","guid":{"rendered":"https:\/\/vistaaltalanga.com\/golf\/"},"modified":"2024-12-27T09:57:48","modified_gmt":"2024-12-27T08:57:48","slug":"golf","status":"publish","type":"page","link":"https:\/\/vistaaltalanga.com\/de\/golf\/","title":{"rendered":"Golf"},"content":{"rendered":"<p><div class=\"fusion-fullwidth fullwidth-box fusion-builder-row-1 fusion-flex-container has-pattern-background has-mask-background nonhundred-percent-fullwidth non-hundred-percent-height-scrolling\" style=\"--awb-border-radius-top-left:0px;--awb-border-radius-top-right:0px;--awb-border-radius-bottom-right:0px;--awb-border-radius-bottom-left:0px;--awb-padding-bottom:0px;--awb-margin-bottom:0px;--awb-flex-wrap:wrap;\" ><div class=\"fusion-builder-row fusion-row fusion-flex-align-items-flex-start fusion-flex-content-wrap\" style=\"max-width:1248px;margin-left: calc(-4% \/ 2 );margin-right: calc(-4% \/ 2 );\"><div class=\"fusion-layout-column fusion_builder_column fusion-builder-column-0 fusion_builder_column_1_3 1_3 fusion-flex-column\" style=\"--awb-bg-size:cover;--awb-width-large:33.333333333333%;--awb-margin-top-large:0px;--awb-spacing-right-large:5.76%;--awb-spacing-left-large:5.76%;--awb-width-medium:33.333333333333%;--awb-order-medium:0;--awb-spacing-right-medium:5.76%;--awb-spacing-left-medium:5.76%;--awb-width-small:100%;--awb-order-small:0;--awb-spacing-right-small:1.92%;--awb-spacing-left-small:1.92%;\"><div class=\"fusion-column-wrapper fusion-column-has-shadow fusion-flex-justify-content-flex-start fusion-content-layout-column\"><\/div><\/div><div class=\"fusion-layout-column fusion_builder_column fusion-builder-column-1 fusion_builder_column_1_3 1_3 fusion-flex-column\" style=\"--awb-bg-size:cover;--awb-width-large:33.333333333333%;--awb-margin-top-large:17px;--awb-spacing-right-large:0.864%;--awb-margin-bottom-large:42px;--awb-spacing-left-large:0%;--awb-width-medium:33.333333333333%;--awb-order-medium:0;--awb-spacing-right-medium:0.864%;--awb-spacing-left-medium:0%;--awb-width-small:100%;--awb-order-small:0;--awb-spacing-right-small:1.92%;--awb-spacing-left-small:1.92%;\"><div class=\"fusion-column-wrapper lazyload fusion-column-has-shadow fusion-flex-justify-content-flex-start fusion-content-layout-column fusion-empty-column-bg-image fusion-column-has-bg-image\" data-bg-url=\"https:\/\/vistaaltalanga.com\/wp-content\/uploads\/2024\/04\/Case-Vista-Alta-Langa-no-nut2-e1712162312922.png\" data-bg=\"https:\/\/vistaaltalanga.com\/wp-content\/uploads\/2024\/04\/Case-Vista-Alta-Langa-no-nut2-e1712162312922.png\"><img decoding=\"async\" class=\"fusion-empty-dims-img-placeholder\" aria-label=\"Case Vista Alta Langa no nut2\" src=\"data:image\/svg+xml,%3Csvg%20xmlns%3D%27http%3A%2F%2Fwww.w3.org%2F2000%2Fsvg%27%20width%3D%27880%27%20height%3D%27385%27%20viewBox%3D%270%200%20880%20385%27%3E%3Crect%20width%3D%27880%27%20height%3D%27385%27%20fill-opacity%3D%220%22%2F%3E%3C%2Fsvg%3E\"><\/div><\/div><div class=\"fusion-layout-column fusion_builder_column fusion-builder-column-2 fusion_builder_column_1_3 1_3 fusion-flex-column\" style=\"--awb-bg-size:cover;--awb-width-large:33.333333333333%;--awb-margin-top-large:0px;--awb-spacing-right-large:5.76%;--awb-spacing-left-large:5.76%;--awb-width-medium:33.333333333333%;--awb-order-medium:0;--awb-spacing-right-medium:5.76%;--awb-spacing-left-medium:5.76%;--awb-width-small:100%;--awb-order-small:0;--awb-spacing-right-small:1.92%;--awb-spacing-left-small:1.92%;\"><div class=\"fusion-column-wrapper fusion-column-has-shadow fusion-flex-justify-content-flex-start fusion-content-layout-column\"><\/div><\/div><\/div><\/div><div class=\"fusion-fullwidth fullwidth-box fusion-builder-row-2 fusion-flex-container has-pattern-background has-mask-background nonhundred-percent-fullwidth non-hundred-percent-height-scrolling\" style=\"--awb-border-radius-top-left:0px;--awb-border-radius-top-right:0px;--awb-border-radius-bottom-right:0px;--awb-border-radius-bottom-left:0px;--awb-padding-top:0px;--awb-padding-right:12px;--awb-padding-bottom:0px;--awb-padding-top-medium:0px;--awb-padding-bottom-medium:133px;--awb-margin-top:0px;--awb-margin-bottom:0px;--awb-margin-top-medium:25px;--awb-margin-bottom-medium:56px;--awb-flex-wrap:wrap;\" ><div class=\"fusion-builder-row fusion-row fusion-flex-align-items-flex-start fusion-flex-content-wrap\" style=\"max-width:1248px;margin-left: calc(-4% \/ 2 );margin-right: calc(-4% \/ 2 );\"><div class=\"fusion-layout-column fusion_builder_column fusion-builder-column-3 fusion_builder_column_1_2 1_2 fusion-flex-column\" style=\"--awb-bg-size:cover;--awb-width-large:50%;--awb-margin-top-large:0px;--awb-spacing-right-large:3.84%;--awb-margin-bottom-large:0px;--awb-spacing-left-large:3.84%;--awb-width-medium:50%;--awb-order-medium:0;--awb-spacing-right-medium:3.84%;--awb-spacing-left-medium:3.84%;--awb-width-small:100%;--awb-order-small:0;--awb-spacing-right-small:1.92%;--awb-spacing-left-small:1.92%;\"><div class=\"fusion-column-wrapper fusion-column-has-shadow fusion-flex-justify-content-flex-start fusion-content-layout-column\"><div class=\"fusion-text fusion-text-1\"><h2 style=\"font-size: 35px; --fontsize: 35; line-height: 1.3; --fontSize: 35;\" data-fontsize=\"35\" data-lineheight=\"45.5px\" class=\"fusion-responsive-typography-calculated\"><span style=\"color: var(--h1_typography-color); font-family: var(--h1_typography-font-family); font-size: 33px; font-style: var(--h1_typography-font-style,normal); font-weight: var(--h1_typography-font-weight); letter-spacing: var(--h1_typography-letter-spacing); text-transform: var(--h1_typography-text-transform); text-align: var(--awb-content-alignment); background-color: var(--awb-bg-color-medium-hover);\" data-fusion-font=\"true\">Golf, Entspannung und Herausforderung in sch\u00f6ner Umgebung<\/span><\/h2>\n<p>F\u00fcr Golfliebhaber bietet die Umgebung von Case Vista Alta Langa hervorragende M\u00f6glichkeiten. Innerhalb einer Autostunde finden Sie mehrere hochwertige Golfpl\u00e4tze, wie den Golf Club Cherasco und den Golf Club Asti. Diese Pl\u00e4tze liegen inmitten der sch\u00f6nen H\u00fcgellandschaft des Piemont, umgeben von Weinbergen und historischen D\u00f6rfern.  <\/p>\n<p>Die Pl\u00e4tze haben unterschiedliche Schwierigkeitsgrade, so dass sowohl Anf\u00e4nger als auch erfahrene Golfer eine Herausforderung finden. Genie\u00dfen Sie nach Ihrer Runde die lokalen K\u00f6stlichkeiten in den nahe gelegenen Restaurants oder Weing\u00fctern. <\/p>\n<p>Planen Sie Ihren Besuch und entdecken Sie, wie Sport und Natur in dieser einzigartigen Region perfekt zusammenpassen!<\/p>\n<p>Die folgenden Kurse sind innerhalb von 1 Stunde zu erreichen:<\/p>\n<p><span style=\"color: var(--awb-color5);\"><a style=\"color: var(--awb-color5);\" href=\"https:\/\/www.golfcherasco.com\/\" target=\"_blank\" rel=\"noopener noreferrer\">Cherasco Golf Club (18 L\u00f6cher<u>)<\/u><\/a><\/span><\/p>\n<p><a style=\"color: var(--awb-color5);\" href=\"https:\/\/www.golfcittadiasti.it\/\" target=\"_blank\" rel=\"noopener noreferrer\">Asti Golf Club (9 L\u00f6cher)<\/a><\/p>\n<p>An der K\u00fcste, etwa 1,5 Autostunden von uns entfernt:<\/p>\n<p><a style=\"color: var(--awb-color5);\" href=\"https:\/\/www.golfclubalbisola.it\/\" target=\"_blank\" rel=\"noopener noreferrer\">Albisola Golf Club (9 L\u00f6cher)<\/a><\/p>\n<p><a style=\"color: var(--awb-color5);\" href=\"https:\/\/www.garlendagolf.it\/\" target=\"_blank\" rel=\"noopener noreferrer\">Garlenda Golf Club (18 L\u00f6cher)<\/a><\/p>\n<h2 class=\"fusion-responsive-typography-calculated\" style=\"line-height: 0.43; font-size: 30px; --fontsize: 30; --fontSize: 30;\" data-fusion-font=\"true\" data-fontsize=\"30\" data-lineheight=\"12.9px\"><\/h2>\n<\/div><div ><a class=\"fusion-button button-flat fusion-button-default-size button-default fusion-button-default button-1 fusion-button-default-span fusion-button-default-type\" style=\"--button_margin-bottom:30px;\" target=\"_self\" href=\"https:\/\/vistaaltalanga.com\/aktiviteiten-in-de-alta-langa\/\"><span class=\"fusion-button-text awb-button__text awb-button__text--default\">Mehr Aktivit\u00e4ten<\/span><\/a><\/div><\/div><\/div><div class=\"fusion-layout-column fusion_builder_column fusion-builder-column-4 fusion_builder_column_1_2 1_2 fusion-flex-column\" style=\"--awb-bg-size:cover;--awb-width-large:50%;--awb-margin-top-large:0px;--awb-spacing-right-large:3.84%;--awb-spacing-left-large:3.84%;--awb-width-medium:50%;--awb-order-medium:0;--awb-spacing-right-medium:3.84%;--awb-spacing-left-medium:3.84%;--awb-width-small:100%;--awb-order-small:0;--awb-spacing-right-small:1.92%;--awb-spacing-left-small:1.92%;\"><div class=\"fusion-column-wrapper fusion-column-has-shadow fusion-flex-justify-content-flex-start fusion-content-layout-column\"><div class=\"fusion-image-element \" style=\"--awb-margin-top:115px;--awb-caption-title-font-family:var(--h2_typography-font-family);--awb-caption-title-font-weight:var(--h2_typography-font-weight);--awb-caption-title-font-style:var(--h2_typography-font-style);--awb-caption-title-size:var(--h2_typography-font-size);--awb-caption-title-transform:var(--h2_typography-text-transform);--awb-caption-title-line-height:var(--h2_typography-line-height);--awb-caption-title-letter-spacing:var(--h2_typography-letter-spacing);\"><span class=\" fusion-imageframe imageframe-none imageframe-1 hover-type-none\" style=\"border-radius:10px;\"><img decoding=\"async\" width=\"1364\" height=\"1080\" title=\"golf\" src=\"https:\/\/vistaaltalanga.com\/wp-content\/uploads\/2024\/12\/golf.webp\" data-orig-src=\"https:\/\/vistaaltalanga.com\/wp-content\/uploads\/2024\/12\/golf.webp\" alt class=\"lazyload img-responsive wp-image-4323\" srcset=\"data:image\/svg+xml,%3Csvg%20xmlns%3D%27http%3A%2F%2Fwww.w3.org%2F2000%2Fsvg%27%20width%3D%271364%27%20height%3D%271080%27%20viewBox%3D%270%200%201364%201080%27%3E%3Crect%20width%3D%271364%27%20height%3D%271080%27%20fill-opacity%3D%220%22%2F%3E%3C%2Fsvg%3E\" data-srcset=\"https:\/\/vistaaltalanga.com\/wp-content\/uploads\/2024\/12\/golf-200x158.webp 200w, https:\/\/vistaaltalanga.com\/wp-content\/uploads\/2024\/12\/golf-400x317.webp 400w, https:\/\/vistaaltalanga.com\/wp-content\/uploads\/2024\/12\/golf-600x475.webp 600w, https:\/\/vistaaltalanga.com\/wp-content\/uploads\/2024\/12\/golf-800x633.webp 800w, https:\/\/vistaaltalanga.com\/wp-content\/uploads\/2024\/12\/golf-1200x950.webp 1200w, https:\/\/vistaaltalanga.com\/wp-content\/uploads\/2024\/12\/golf.webp 1364w\" data-sizes=\"auto\" data-orig-sizes=\"(max-width: 640px) 100vw, 600px\" \/><\/span><\/div><\/div><\/div><\/div><\/div><\/p>\n","protected":false},"excerpt":{"rendered":"","protected":false},"author":1,"featured_media":0,"parent":0,"menu_order":0,"comment_status":"closed","ping_status":"closed","template":"100-width.php","meta":{"footnotes":""},"class_list":["post-4508","page","type-page","status-publish","hentry"],"_links":{"self":[{"href":"https:\/\/vistaaltalanga.com\/de\/wp-json\/wp\/v2\/pages\/4508","targetHints":{"allow":["GET"]}}],"collection":[{"href":"https:\/\/vistaaltalanga.com\/de\/wp-json\/wp\/v2\/pages"}],"about":[{"href":"https:\/\/vistaaltalanga.com\/de\/wp-json\/wp\/v2\/types\/page"}],"author":[{"embeddable":true,"href":"https:\/\/vistaaltalanga.com\/de\/wp-json\/wp\/v2\/users\/1"}],"replies":[{"embeddable":true,"href":"https:\/\/vistaaltalanga.com\/de\/wp-json\/wp\/v2\/comments?post=4508"}],"version-history":[{"count":3,"href":"https:\/\/vistaaltalanga.com\/de\/wp-json\/wp\/v2\/pages\/4508\/revisions"}],"predecessor-version":[{"id":4520,"href":"https:\/\/vistaaltalanga.com\/de\/wp-json\/wp\/v2\/pages\/4508\/revisions\/4520"}],"wp:attachment":[{"href":"https:\/\/vistaaltalanga.com\/de\/wp-json\/wp\/v2\/media?parent=4508"}],"curies":[{"name":"wp","href":"https:\/\/api.w.org\/{rel}","templated":true}]}}